{"id":166,"date":"2020-07-20T08:26:41","date_gmt":"2020-07-20T08:26:41","guid":{"rendered":"https:\/\/restoration.fuelthemes.net\/?page_id=166"},"modified":"2022-11-16T16:35:42","modified_gmt":"2022-11-16T16:35:42","slug":"contactos","status":"publish","type":"page","link":"https:\/\/shopirbal.com\/pt\/contactos\/","title":{"rendered":"Contactos"},"content":{"rendered":"<div class=\"wp-block-media-text has-media-on-the-right is-stacked-on-mobile is-image-fill has-background\" style=\"background-color:#f7f4f2;grid-template-columns:auto 56%\"><div class=\"wp-block-media-text__content\"><h1 class=\"wp-block-heading\">Dispon\u00edveis para o ajudar.<\/h1>\n\n<p>Caso tenha alguma quest\u00e3o que necessite uma resposta personalizada, contacte-nos. Faremos tudo para esclarecer as suas d\u00favidas.<br><br><\/p>\n\n<h6 class=\"wp-block-heading\"><strong>Irbal<\/strong><\/h6>\n\n<p id=\"horario-mobile\" style=\"font-size:14px\">Rua Direita 171, 3810-568 Nariz, <br>Aveiro Portugal<br><br><a href=\"mailto:shop@irbal.com\" target=\"_blank\" rel=\"noreferrer noopener\">Email: shop@irbal.com<\/a><br><a href=\"tel:+351912253243\">Tlf.: +351 912 253 243<\/a><br><small>\u00abChamada para a rede m\u00f3vel nacional\u00bb<\/small><\/p>\n\n<p><\/p>\n\n<p style=\"font-size:14px\"><strong>NIF<\/strong>: 500743517<\/p>\n\n<p><\/p>\n\n<p id=\"horario\" style=\"font-size:14px\"><strong>Hor\u00e1rio<\/strong>: <br><span style=\"text-decoration: underline;\">2\u00aa a 6\u00aa feira<\/span><br>09h00-12h30  <br>14h00-18h00<\/p>\n\n<h6 class=\"wp-block-heading\"><\/h6><\/div><figure class=\"wp-block-media-text__media\" style=\"background-image:url(https:\/\/shopirbal.com\/pt\/wp-content\/uploads\/2022\/03\/banner-contactos.jpg);background-position:50% 50%\"><img loading=\"lazy\" decoding=\"async\" width=\"1024\" height=\"830\" src=\"https:\/\/shopirbal.com\/pt\/wp-content\/uploads\/2022\/03\/banner-contactos.jpg\" alt=\"\" class=\"wp-image-516 size-full\" srcset=\"https:\/\/shopirbal.com\/pt\/wp-content\/uploads\/2022\/03\/banner-contactos.jpg 1024w, https:\/\/shopirbal.com\/pt\/wp-content\/uploads\/2022\/03\/banner-contactos-1010x819.jpg 1010w, https:\/\/shopirbal.com\/pt\/wp-content\/uploads\/2022\/03\/banner-contactos-300x243.jpg 300w, https:\/\/shopirbal.com\/pt\/wp-content\/uploads\/2022\/03\/banner-contactos-768x623.jpg 768w\" sizes=\"auto, (max-width: 1024px) 100vw, 1024px\" \/><\/figure><\/div><p><\/p>","protected":false},"excerpt":{"rendered":"<p>Dispon\u00edveis para o ajudar. Caso tenha alguma quest\u00e3o que necessite uma resposta personalizada, contacte-nos. Faremos tudo para esclarecer as suas d\u00favidas. Irbal Rua Direita 171, 3810-568 Nariz, Aveiro Portugal Email: shop@irbal.comTlf.: +351 912 253 243\u00abChamada para a rede m\u00f3vel nacional\u00bb NIF: 500743517 Hor\u00e1rio: 2\u00aa a 6\u00aa feira09h00-12h30 14h00-18h00<\/p>\n","protected":false},"author":1,"featured_media":0,"parent":0,"menu_order":0,"comment_status":"closed","ping_status":"closed","template":"template-pagetitle.php","meta":{"footnotes":""},"class_list":["post-166","page","type-page","status-publish","hentry"],"yoast_head":"<!-- This site is optimized with the Yoast SEO plugin v24.4 - https:\/\/yoast.com\/wordpress\/plugins\/seo\/ -->\n<title>Contactos - Irbal<\/title>\n<meta name=\"description\" content=\"Tem d\u00favidas relativas a uma betoneira? Ou relativas a alguma pe\u00e7a espec\u00edfica? Contacte-nos, faremos tudo para esclarecer as suas d\u00favidas.\" \/>\n<meta name=\"robots\" content=\"index, follow, max-snippet:-1, max-image-preview:large, max-video-preview:-1\" \/>\n<link rel=\"canonical\" href=\"https:\/\/shopirbal.com\/pt\/contactos\/\" \/>\n<meta property=\"og:locale\" content=\"pt_PT\" \/>\n<meta property=\"og:type\" content=\"article\" \/>\n<meta property=\"og:title\" content=\"Contactos - Irbal\" \/>\n<meta property=\"og:description\" content=\"Tem d\u00favidas relativas a uma betoneira? Ou relativas a alguma pe\u00e7a espec\u00edfica? Contacte-nos, faremos tudo para esclarecer as suas d\u00favidas.\" \/>\n<meta property=\"og:url\" content=\"https:\/\/shopirbal.com\/pt\/contactos\/\" \/>\n<meta property=\"og:site_name\" content=\"Irbal\" \/>\n<meta property=\"article:publisher\" content=\"https:\/\/www.facebook.com\/IrbalSA\" \/>\n<meta property=\"article:modified_time\" content=\"2022-11-16T16:35:42+00:00\" \/>\n<meta property=\"og:image\" content=\"https:\/\/shopirbal.com\/pt\/wp-content\/uploads\/2022\/03\/banner-contactos.jpg\" \/>\n<meta name=\"twitter:card\" content=\"summary_large_image\" \/>\n<meta name=\"twitter:label1\" content=\"Tempo estimado de leitura\" \/>\n\t<meta name=\"twitter:data1\" content=\"1 minuto\" \/>\n<script type=\"application\/ld+json\" class=\"yoast-schema-graph\">{\"@context\":\"https:\/\/schema.org\",\"@graph\":[{\"@type\":\"WebPage\",\"@id\":\"https:\/\/shopirbal.com\/pt\/contactos\/\",\"url\":\"https:\/\/shopirbal.com\/pt\/contactos\/\",\"name\":\"Contactos - Irbal\",\"isPartOf\":{\"@id\":\"https:\/\/shopirbal.com\/pt\/#website\"},\"primaryImageOfPage\":{\"@id\":\"https:\/\/shopirbal.com\/pt\/contactos\/#primaryimage\"},\"image\":{\"@id\":\"https:\/\/shopirbal.com\/pt\/contactos\/#primaryimage\"},\"thumbnailUrl\":\"https:\/\/shopirbal.com\/pt\/wp-content\/uploads\/2022\/03\/banner-contactos.jpg\",\"datePublished\":\"2020-07-20T08:26:41+00:00\",\"dateModified\":\"2022-11-16T16:35:42+00:00\",\"description\":\"Tem d\u00favidas relativas a uma betoneira? Ou relativas a alguma pe\u00e7a espec\u00edfica? Contacte-nos, faremos tudo para esclarecer as suas d\u00favidas.\",\"breadcrumb\":{\"@id\":\"https:\/\/shopirbal.com\/pt\/contactos\/#breadcrumb\"},\"inLanguage\":\"pt-PT\",\"potentialAction\":[{\"@type\":\"ReadAction\",\"target\":[\"https:\/\/shopirbal.com\/pt\/contactos\/\"]}]},{\"@type\":\"ImageObject\",\"inLanguage\":\"pt-PT\",\"@id\":\"https:\/\/shopirbal.com\/pt\/contactos\/#primaryimage\",\"url\":\"https:\/\/shopirbal.com\/pt\/wp-content\/uploads\/2022\/03\/banner-contactos.jpg\",\"contentUrl\":\"https:\/\/shopirbal.com\/pt\/wp-content\/uploads\/2022\/03\/banner-contactos.jpg\",\"width\":1024,\"height\":830},{\"@type\":\"BreadcrumbList\",\"@id\":\"https:\/\/shopirbal.com\/pt\/contactos\/#breadcrumb\",\"itemListElement\":[{\"@type\":\"ListItem\",\"position\":1,\"name\":\"In\u00edcio\",\"item\":\"https:\/\/shopirbal.com\/pt\/\"},{\"@type\":\"ListItem\",\"position\":2,\"name\":\"Contactos\"}]},{\"@type\":\"WebSite\",\"@id\":\"https:\/\/shopirbal.com\/pt\/#website\",\"url\":\"https:\/\/shopirbal.com\/pt\/\",\"name\":\"Irbal\",\"description\":\"Cria\u00e7\u00e3o, desenvolvimento e fabrica\u00e7\u00e3o de maquinaria para a constru\u00e7\u00e3o\",\"publisher\":{\"@id\":\"https:\/\/shopirbal.com\/pt\/#organization\"},\"alternateName\":\"Shop Irbal\",\"potentialAction\":[{\"@type\":\"SearchAction\",\"target\":{\"@type\":\"EntryPoint\",\"urlTemplate\":\"https:\/\/shopirbal.com\/pt\/?s={search_term_string}\"},\"query-input\":{\"@type\":\"PropertyValueSpecification\",\"valueRequired\":true,\"valueName\":\"search_term_string\"}}],\"inLanguage\":\"pt-PT\"},{\"@type\":\"Organization\",\"@id\":\"https:\/\/shopirbal.com\/pt\/#organization\",\"name\":\"Irbal, S.A\",\"alternateName\":\"Shop Irbal\",\"url\":\"https:\/\/shopirbal.com\/pt\/\",\"logo\":{\"@type\":\"ImageObject\",\"inLanguage\":\"pt-PT\",\"@id\":\"https:\/\/shopirbal.com\/pt\/#\/schema\/logo\/image\/\",\"url\":\"https:\/\/shopirbal.com\/pt\/wp-content\/uploads\/2022\/04\/logotipo-para-site-02.png\",\"contentUrl\":\"https:\/\/shopirbal.com\/pt\/wp-content\/uploads\/2022\/04\/logotipo-para-site-02.png\",\"width\":6702,\"height\":2246,\"caption\":\"Irbal, S.A\"},\"image\":{\"@id\":\"https:\/\/shopirbal.com\/pt\/#\/schema\/logo\/image\/\"},\"sameAs\":[\"https:\/\/www.facebook.com\/IrbalSA\",\"https:\/\/www.instagram.com\/irbalsa\",\"https:\/\/www.linkedin.com\/company\/irbalsa\/\",\"https:\/\/www.youtube.com\/channel\/UCfu-aZp4yMfDLNK3H8tUTvQ\"]}]}<\/script>\n<!-- \/ Yoast SEO plugin. -->","yoast_head_json":{"title":"Contactos - Irbal","description":"Tem d\u00favidas relativas a uma betoneira? Ou relativas a alguma pe\u00e7a espec\u00edfica? Contacte-nos, faremos tudo para esclarecer as suas d\u00favidas.","robots":{"index":"index","follow":"follow","max-snippet":"max-snippet:-1","max-image-preview":"max-image-preview:large","max-video-preview":"max-video-preview:-1"},"canonical":"https:\/\/shopirbal.com\/pt\/contactos\/","og_locale":"pt_PT","og_type":"article","og_title":"Contactos - Irbal","og_description":"Tem d\u00favidas relativas a uma betoneira? Ou relativas a alguma pe\u00e7a espec\u00edfica? Contacte-nos, faremos tudo para esclarecer as suas d\u00favidas.","og_url":"https:\/\/shopirbal.com\/pt\/contactos\/","og_site_name":"Irbal","article_publisher":"https:\/\/www.facebook.com\/IrbalSA","article_modified_time":"2022-11-16T16:35:42+00:00","og_image":[{"url":"https:\/\/shopirbal.com\/pt\/wp-content\/uploads\/2022\/03\/banner-contactos.jpg","type":"","width":"","height":""}],"twitter_card":"summary_large_image","twitter_misc":{"Tempo estimado de leitura":"1 minuto"},"schema":{"@context":"https:\/\/schema.org","@graph":[{"@type":"WebPage","@id":"https:\/\/shopirbal.com\/pt\/contactos\/","url":"https:\/\/shopirbal.com\/pt\/contactos\/","name":"Contactos - Irbal","isPartOf":{"@id":"https:\/\/shopirbal.com\/pt\/#website"},"primaryImageOfPage":{"@id":"https:\/\/shopirbal.com\/pt\/contactos\/#primaryimage"},"image":{"@id":"https:\/\/shopirbal.com\/pt\/contactos\/#primaryimage"},"thumbnailUrl":"https:\/\/shopirbal.com\/pt\/wp-content\/uploads\/2022\/03\/banner-contactos.jpg","datePublished":"2020-07-20T08:26:41+00:00","dateModified":"2022-11-16T16:35:42+00:00","description":"Tem d\u00favidas relativas a uma betoneira? Ou relativas a alguma pe\u00e7a espec\u00edfica? Contacte-nos, faremos tudo para esclarecer as suas d\u00favidas.","breadcrumb":{"@id":"https:\/\/shopirbal.com\/pt\/contactos\/#breadcrumb"},"inLanguage":"pt-PT","potentialAction":[{"@type":"ReadAction","target":["https:\/\/shopirbal.com\/pt\/contactos\/"]}]},{"@type":"ImageObject","inLanguage":"pt-PT","@id":"https:\/\/shopirbal.com\/pt\/contactos\/#primaryimage","url":"https:\/\/shopirbal.com\/pt\/wp-content\/uploads\/2022\/03\/banner-contactos.jpg","contentUrl":"https:\/\/shopirbal.com\/pt\/wp-content\/uploads\/2022\/03\/banner-contactos.jpg","width":1024,"height":830},{"@type":"BreadcrumbList","@id":"https:\/\/shopirbal.com\/pt\/contactos\/#breadcrumb","itemListElement":[{"@type":"ListItem","position":1,"name":"In\u00edcio","item":"https:\/\/shopirbal.com\/pt\/"},{"@type":"ListItem","position":2,"name":"Contactos"}]},{"@type":"WebSite","@id":"https:\/\/shopirbal.com\/pt\/#website","url":"https:\/\/shopirbal.com\/pt\/","name":"Irbal","description":"Cria\u00e7\u00e3o, desenvolvimento e fabrica\u00e7\u00e3o de maquinaria para a constru\u00e7\u00e3o","publisher":{"@id":"https:\/\/shopirbal.com\/pt\/#organization"},"alternateName":"Shop Irbal","potentialAction":[{"@type":"SearchAction","target":{"@type":"EntryPoint","urlTemplate":"https:\/\/shopirbal.com\/pt\/?s={search_term_string}"},"query-input":{"@type":"PropertyValueSpecification","valueRequired":true,"valueName":"search_term_string"}}],"inLanguage":"pt-PT"},{"@type":"Organization","@id":"https:\/\/shopirbal.com\/pt\/#organization","name":"Irbal, S.A","alternateName":"Shop Irbal","url":"https:\/\/shopirbal.com\/pt\/","logo":{"@type":"ImageObject","inLanguage":"pt-PT","@id":"https:\/\/shopirbal.com\/pt\/#\/schema\/logo\/image\/","url":"https:\/\/shopirbal.com\/pt\/wp-content\/uploads\/2022\/04\/logotipo-para-site-02.png","contentUrl":"https:\/\/shopirbal.com\/pt\/wp-content\/uploads\/2022\/04\/logotipo-para-site-02.png","width":6702,"height":2246,"caption":"Irbal, S.A"},"image":{"@id":"https:\/\/shopirbal.com\/pt\/#\/schema\/logo\/image\/"},"sameAs":["https:\/\/www.facebook.com\/IrbalSA","https:\/\/www.instagram.com\/irbalsa","https:\/\/www.linkedin.com\/company\/irbalsa\/","https:\/\/www.youtube.com\/channel\/UCfu-aZp4yMfDLNK3H8tUTvQ"]}]}},"_links":{"self":[{"href":"https:\/\/shopirbal.com\/pt\/wp-json\/wp\/v2\/pages\/166","targetHints":{"allow":["GET"]}}],"collection":[{"href":"https:\/\/shopirbal.com\/pt\/wp-json\/wp\/v2\/pages"}],"about":[{"href":"https:\/\/shopirbal.com\/pt\/wp-json\/wp\/v2\/types\/page"}],"author":[{"embeddable":true,"href":"https:\/\/shopirbal.com\/pt\/wp-json\/wp\/v2\/users\/1"}],"replies":[{"embeddable":true,"href":"https:\/\/shopirbal.com\/pt\/wp-json\/wp\/v2\/comments?post=166"}],"version-history":[{"count":0,"href":"https:\/\/shopirbal.com\/pt\/wp-json\/wp\/v2\/pages\/166\/revisions"}],"wp:attachment":[{"href":"https:\/\/shopirbal.com\/pt\/wp-json\/wp\/v2\/media?parent=166"}],"curies":[{"name":"wp","href":"https:\/\/api.w.org\/{rel}","templated":true}]}}