{"id":3,"date":"2022-03-10T18:53:51","date_gmt":"2022-03-10T18:53:51","guid":{"rendered":"http:\/\/shopirbal.com\/pt\/?page_id=3"},"modified":"2022-07-23T11:08:35","modified_gmt":"2022-07-23T11:08:35","slug":"politica-privacidade","status":"publish","type":"page","link":"https:\/\/shopirbal.com\/pt\/politica-privacidade\/","title":{"rendered":"Pol\u00edtica de privacidade"},"content":{"rendered":"<div style=\"height:75px\" aria-hidden=\"true\" class=\"wp-block-spacer\"><\/div><h2 class=\"has-text-align-center wp-block-heading\">Pol\u00edtica de Privacidade<\/h2><ol class=\"wp-block-list\"><li>A <strong>IRBAL <\/strong>\u00e9 a entidade respons\u00e1vel pelo tratamento dos dados pessoais e assume permanentemente o compromisso p\u00fablico de atuar em conformidade com a legisla\u00e7\u00e3o nacional e comunit\u00e1ria em vigor e aplic\u00e1vel;<\/li><li>Os dados pessoais dos nossos clientes s\u00e3o tratados, exclusivamente, por se mostrarem necess\u00e1rios \u00e0 elabora\u00e7\u00e3o de or\u00e7amentos, celebra\u00e7\u00e3o e execu\u00e7\u00e3o de contratos, gest\u00e3o de entregas e acompanhamento de encomendas, servi\u00e7o de assist\u00eancia p\u00f3s-venda, ao cumprimento de obriga\u00e7\u00f5es legais ou porque foram objeto de consentimento;<\/li><li>Os dados pessoais fornecidos pelos clientes ou gerados pela utiliza\u00e7\u00e3o de servi\u00e7os ou aquisi\u00e7\u00e3o de bens, ser\u00e3o processados e armazenados informaticamente e destinam-se a serem utilizados pela <strong>IRBAL <\/strong>para: marketing e vendas, gest\u00e3o de clientes, gest\u00e3o contabil\u00edstica, fiscal e administrativa, gest\u00e3o de contencioso e, em geral, cumprimento de obriga\u00e7\u00f5es gerais;<\/li><li>O tratamento de dados para fins de marketing ser\u00e1 efetuado de acordo com a op\u00e7\u00e3o de consentimento manifestada pelo cliente. Tal consentimento ter\u00e1 que ser pr\u00e9vio, livre, informado, espec\u00edfico e inequ\u00edvoco, e constar de uma declara\u00e7\u00e3o escrita, que poder\u00e1 revestir a forma de valida\u00e7\u00e3o de uma op\u00e7\u00e3o. A todo o momento, poder\u00e1 ser declarada por escrito a oposi\u00e7\u00e3o ao tratamento de dados para fins de marketing;<\/li><li>Os dados pessoais s\u00e3o conservados por per\u00edodos de tempo distintos, consoante a finalidade a que se destinam, de acordo com os respetivos crit\u00e9rios legais, em obedi\u00eancia aos princ\u00edpios da necessidade e da minimiza\u00e7\u00e3o do tempo de conserva\u00e7\u00e3o;<\/li><li>A <strong>IRBAL <\/strong>poder\u00e1 recorrer a entidades subcontratadas para efeitos de tratamentos de dados pessoais, nomeadamente, para campanhas promocionais, marketing, gest\u00e3o da conta cliente, fatura\u00e7\u00e3o, transporte de mercadorias, entregas e assist\u00eancia p\u00f3s-venda, contabilidade, gest\u00e3o de contenciosos, processamento de sal\u00e1rios, servi\u00e7os de higiene e seguran\u00e7a no trabalho, etc, ficando tais entidades obrigadas a desenvolver as medidas de prote\u00e7\u00e3o dos dados e a assegurar a defesa dos direitos dos titulares.<\/li><li>O exerc\u00edcios de tais direitos dever\u00e1 ser feito atrav\u00e9s do login. Para outros assuntos contactar: <strong>irbal@irbal.com<\/strong><\/li><\/ol><p>8. A todos os titulares de dados \u00e9 reconhecido o direito de apresentarem reclama\u00e7\u00e3o diretamente \u00e0 COMISS\u00c3O NACIONAL DE PROTE\u00c7\u00c3O DE DADOS.<\/p><p><\/p><h4 class=\"wp-block-heading\"><strong>Cookies<\/strong><\/h4><p>A <strong>IRBAL <\/strong>est\u00e1 empenhada em tornar, quer a sua experi\u00eancia online quer a sua intera\u00e7\u00e3o com o nosso website num momento informativo e relevante, e em fornecer a melhor experi\u00eancia poss\u00edvel durante a sua visita online. Uma das formas \u00e9 atrav\u00e9s da utiliza\u00e7\u00e3o de cookies (pr\u00f3prios e de terceiros) para guardar informa\u00e7\u00f5es sobre a sua visita ao nosso website, no seu computador. Estas informa\u00e7\u00f5es s\u00e3o necess\u00e1rias para o website poder funcionar corretamente.<\/p><h4 class=\"wp-block-heading\"><strong>O que s\u00e3o cookies?<\/strong><\/h4><p>Um cookie \u00e9 um ficheiro que \u00e9 descarregado pelo seu computador, telem\u00f3vel ou outro equipamento (designado posteriormente como equipamento) quando acede ao nosso website ou utiliza a nossa aplica\u00e7\u00e3o. O cookie permite-nos armazenar e recuperar informa\u00e7\u00e3o sobre os seus h\u00e1bitos de navega\u00e7\u00e3o ou do seu equipamento onde acede, em geral de forma an\u00f3nima e dependendo da informa\u00e7\u00e3o que contenha, se est\u00e1 registado previamente, para identifica-lo como cliente ou utilizador.<\/p><p><br>A informa\u00e7\u00e3o obtida est\u00e1 relacionada com o n\u00famero de p\u00e1ginas que visita, o idioma, o local do qual acede, o n\u00famero de utilizadores novos, a frequ\u00eancia e n\u00famero de visitas, o tempo de dura\u00e7\u00e3o da visita, o navegador ou equipamento com o qual realiza a visita no site ou na nossa aplica\u00e7\u00e3o.<\/p><p>Que tipo de cookies s\u00e3o utilizados no nosso website?<\/p><p><strong>Cookies pr\u00f3prios<\/strong><br>S\u00e3o aqueles que s\u00e3o enviados para o computador a partir de um dom\u00ednio ou computador operado por n\u00f3s.<\/p><p><strong>Cookies de terceiros<\/strong><br>S\u00e3o aqueles que s\u00e3o enviados para o seu computador a partir de um computador ou dom\u00ednio que n\u00e3o \u00e9 operado por n\u00f3s, mas por uma outra entidade que trata os dados obtidos por meio de cookies.<\/p><p><strong>Cookies de sess\u00e3o<\/strong><br>S\u00e3o um tipo de cookie que expiram com o fecho da sess\u00e3o no nosso website.<\/p><p><strong>Cookies persistentes<\/strong><br>S\u00e3o um tipo de cookie que s\u00e3o armazenados no computador por um per\u00edodo de tempo que pode variar de alguns minutos a v\u00e1rios anos.<\/p><p><strong>Cookies de an\u00e1lise<\/strong><br>S\u00e3o aqueles que ou tratados por n\u00f3s ou por terceiros e que nos permitem quantificar o n\u00famero de visitas e a utiliza\u00e7\u00e3o que os utilizadores fazem no nosso website com o objetivo de medi\u00e7\u00e3o e a an\u00e1lise estat\u00edstica da sua utiliza\u00e7\u00e3o e para resolver as lacunas detetadas e facilitar a utiliza\u00e7\u00e3o do nosso website.<\/p><p><strong>Cookies de publicidade<\/strong><br>Quando visita as p\u00e1ginas do nosso website, e-mails ou executa um aplicativo onde publicamos an\u00fancios dos nossos produtos ou servi\u00e7os, para realizar um controlo e acompanhamento da efic\u00e1cia da publicidade est\u00e3o instalados no seu browser ou computador cookies que s\u00e3o utilizados para medir, por exemplo, o n\u00famero de vezes que se viu os an\u00fancios e onde aparecem, o momento em que s\u00e3o vistos, de onde ou se voc\u00ea ainda n\u00e3o o viu antes.<\/p><p><strong>Cookies de publicidade comportamental<\/strong><br>S\u00e3o um tipo cookies que s\u00e3o utilizados para armazenar e recuperar informa\u00e7\u00f5es sobre o comportamento dos utilizadores obtidos atrav\u00e9s da observa\u00e7\u00e3o dos seus h\u00e1bitos de navega\u00e7\u00e3o, que permitem que se desenvolva um perfil espec\u00edfico para mostrar ao utilizador publicidade em fun\u00e7\u00e3o do mesmo.<\/p><p><\/p><p><\/p><h4 class=\"wp-block-heading\"><strong>Renova\u00e7\u00e3o e elimina\u00e7\u00e3o de cookies<\/strong><\/h4><p>A maior parte dos browsers permite controlar a maioria dos cookies atrav\u00e9s das suas configura\u00e7\u00f5es.<\/p><p>Se desejar pode permitir, bloquear ou eliminar os cookies instalados no seu computador configurando as op\u00e7\u00f5es do browser instalado em seu computador ou a partir das configura\u00e7\u00f5es de privacidade do computador.<\/p><p>Por exemplo, pode encontrar informa\u00e7\u00f5es sobre como fazer isso no caso de usar como navegador:<\/p><ul class=\"wp-block-list\"><li>Firefox a partir de ativar e desativar os cookies que os sites usam para rastrear as suas prefer\u00eancias | Ajuda Firefox<\/li><li>Chrome a partir de como gerir cookies e sites<\/li><li>Explorer a partir de administrar cookies em Internet Explorer<\/li><li>Safari a partir de Safari 8 (Yosemite): Gerir cookies e dados de sites<\/li><li>Opera a partir de Administrador cookies<\/li><\/ul><p><strong>Mais detalhes sobre cookies<\/strong><br>Informa\u00e7\u00f5es gerais sobre como bloquear e remover cookies: <br>http:\/\/www.aboutcookies.org\/<br>Pode recusar a utiliza\u00e7\u00e3o de cookies selecionando as defini\u00e7\u00f5es apropriadas no seu navegador, no entanto, tenha em aten\u00e7\u00e3o que ao n\u00e3o aceitar as cookies, poder\u00e1 n\u00e3o ser capaz de aproveitar ao m\u00e1ximo todas as vantagens nos respetivos websites.<\/p><p><br><strong>Categoria 1: cookies estritamente necess\u00e1rias<\/strong><br>Estes cookies s\u00e3o essenciais para poder navegar no website e utilizar as suas funcionalidades, tais como aceder a \u00e1reas seguras do website. Sem estes cookies, os servi\u00e7os solicitados, como carrinhos de compras ou faturas eletr\u00f3nicas, n\u00e3o poder\u00e3o ser prestados.<\/p><p><br><strong>Categoria 2: cookies de desempenho<\/strong><br>Estes cookies recolhem informa\u00e7\u00f5es sobre como os visitantes utilizam um website, por exemplo, que p\u00e1ginas s\u00e3o acedidas com maior frequ\u00eancia por visitantes e se s\u00e3o recebidas mensagens de erro de p\u00e1ginas Web. Estes cookies n\u00e3o recolhem informa\u00e7\u00f5es que identifiquem um visitante. Todas as informa\u00e7\u00f5es recolhidas por estes cookies s\u00e3o guardadas de forma coletiva e, consequentemente, s\u00e3o an\u00f3nimas. Estes s\u00e3o utilizados apenas para melhorar o funcionamento de um website.<\/p><p><br><strong>Categoria 3: cookies de funcionalidade<\/strong><br>Estes cookies permitem que o website se lembre das escolhas que efetuou (como o seu nome de utilizador, o idioma ou a regi\u00e3o onde se encontra) e que ofere\u00e7a funcionalidades melhoradas e mais pessoais. Por exemplo, um website pode ser capaz de lhe fornecer previs\u00f5es meteorol\u00f3gicas locais ou informa\u00e7\u00f5es de tr\u00e2nsito guardando num cookie a informa\u00e7\u00e3o da regi\u00e3o onde se encontra atualmente. Estes cookies tamb\u00e9m podem ser utilizados para lembrar as altera\u00e7\u00f5es que efetuou ao tamanho do texto, aos tipos de letra e a outras partes de p\u00e1ginas Web que podem ser personalizadas. Podem ainda ser utilizadas para prestar servi\u00e7os que solicitou, como ver um v\u00eddeo ou comentar num blogue. As informa\u00e7\u00f5es recolhidas por estes cookies podem ser processadas anonimamente e n\u00e3o \u00e9 permitida a visualiza\u00e7\u00e3o da sua atividade de navega\u00e7\u00e3o noutros websites.<\/p><p><br><strong>Categoria 4: cookies de direcionamento ou cookies de publicidade<\/strong><br>Estes cookies s\u00e3o utilizados para apresentar publicidade mais relevante para si e adequada aos seus interesses. Estes tamb\u00e9m s\u00e3o utilizados para limitar o n\u00famero de vezes que v\u00ea um an\u00fancio e para ajudar a medir a efici\u00eancia da campanha publicit\u00e1ria. Normalmente, estes s\u00e3o colocados por redes publicit\u00e1rias com a permiss\u00e3o do operador do website. Estes registam que visitou um determinado website e esta informa\u00e7\u00e3o \u00e9 partilhada com outras organiza\u00e7\u00f5es, tais como publicit\u00e1rios. Os cookies de direcionamento ou publicidade ser\u00e3o ligados frequentemente \u00e0 funcionalidade do site fornecida pela outra organiza\u00e7\u00e3o. Estes cookies n\u00e3o recolhem informa\u00e7\u00f5es que identifiquem um visitante.<\/p><p><br><strong>Cookies de terceiros<\/strong><br>S\u00e3o semelhantes aos cookies \u201cdiretos\u201d, no entanto, estes s\u00e3o originados num dom\u00ednio diferente (n\u00e3o relacionado\/ligado \u00e0 IRBAL) do que est\u00e1 a visitar. Estas entidades (n\u00e3o relacionadas\/ligadas \u00e0 IRBAL) tamb\u00e9m podem colocar cookies no seu dispositivo, quando visita o website da IRBAL.<br><br><strong>Google Analytics<\/strong><br>O Google Analytics utiliza os &#8220;cookies&#8221; para recolher e analisar informa\u00e7\u00f5es relativas \u00e0 utiliza\u00e7\u00e3o dos sites visitados pelo utilizador. Para saber mais sobre os cookies do Google Analytics e a sua utiliza\u00e7\u00e3o pela Google Inc., pode consultar a informa\u00e7\u00e3o sobre a utiliza\u00e7\u00e3o de cookies pela Google dispon\u00edvel no endere\u00e7os:<br>https:\/\/policies.google.com\/technologies\/cookies?hl=pt<br>https:\/\/support.google.com\/analytics\/answer\/6004245<br>Relativamente aos cookies da Addthis, \u00e9 poss\u00edvel fazer opt-out atrav\u00e9s do seguinte link:<br>http:\/\/www.addthis.com\/privacy\/opt-out .<br>A maior parte dos programas de navega\u00e7\u00e3o (Internet Explorer, Firefox, Chrome) poder\u00e1 mostrar-lhe a forma de impedir novos cookies, como pode ser avisado quando recebe um novo cookie e como pode desativar e\/ou apagar os cookies existentes.<br>No entanto, tenha em aten\u00e7\u00e3o que ao n\u00e3o aceitar os cookies pode n\u00e3o ser capaz de aproveitar ao m\u00e1ximo todas as funcionalidades deste website.<\/p><p><strong>Termos e Condi\u00e7\u00f5es<\/strong><br>Ao utilizar os nossos servi\u00e7os, est\u00e1 a confiar-nos a sua informa\u00e7\u00e3o. O tratamento dos seus dados \u00e9 para n\u00f3s uma enorme responsabilidade. Trabalhamos para proteger a sua informa\u00e7\u00e3o e dar-lhe controlo sobre ela.<br>Por favor, dedique algum tempo a ler atentamente a nossa Informa\u00e7\u00e3o Legal, respeitante \u00e0 nossa Pol\u00edtica de Privacidade e \u00e0 nossa Pol\u00edtica de Cookies. Se tiver alguma d\u00favida, entre em contato connosco atrav\u00e9s do email irbal@irbal.com.<br>Ao aceder e ao usar os nossos Servi\u00e7os, o utilizador aceita os termos da nossa Pol\u00edtica de Privacidade e da nossa Pol\u00edtica de Cookies. Onde for necess\u00e1rio processar a sua informa\u00e7\u00e3o pessoal, solicitaremos sempre o seu consentimento para fazermos essa recolha e processamento, uso ou divulga\u00e7\u00e3o da sua informa\u00e7\u00e3o pessoal, conforme descrito abaixo.<br>A IRBAL pode fornecer informa\u00e7\u00e3o &#8220;just-in-time&#8221; ou informa\u00e7\u00e3o adicional sobre a recolha de dados, uso e pr\u00e1ticas de partilha de Servi\u00e7os espec\u00edficos. Estes avisos podem complementar ou esclarecer as pr\u00e1ticas de privacidade da IRBAL, facultando-lhe alternativas adicionais ao tratamento dos seus dados, respeitando sempre os seus interesses e sempre com o seu consentimento.<br>Se n\u00e3o concordar ou n\u00e3o estiver confort\u00e1vel com a nossa Pol\u00edtica de Privacidade, deve interromper imediatamente o acesso ou uso dos nossos Servi\u00e7os.<\/p>","protected":false},"excerpt":{"rendered":"<p>Pol\u00edtica de Privacidade A IRBAL \u00e9 a entidade respons\u00e1vel pelo tratamento dos dados pessoais e assume permanentemente o compromisso p\u00fablico de atuar em conformidade com a legisla\u00e7\u00e3o nacional e comunit\u00e1ria em vigor e aplic\u00e1vel; Os dados pessoais dos nossos clientes s\u00e3o tratados, exclusivamente, por se mostrarem necess\u00e1rios \u00e0 elabora\u00e7\u00e3o de or\u00e7amentos, celebra\u00e7\u00e3o e execu\u00e7\u00e3o de&hellip;<\/p>\n","protected":false},"author":1,"featured_media":0,"parent":0,"menu_order":0,"comment_status":"closed","ping_status":"open","template":"","meta":{"footnotes":""},"class_list":["post-3","page","type-page","status-publish","hentry"],"yoast_head":"<!-- This site is optimized with the Yoast SEO plugin v24.4 - https:\/\/yoast.com\/wordpress\/plugins\/seo\/ -->\n<title>Pol\u00edtica de privacidade - Irbal<\/title>\n<meta name=\"robots\" content=\"index, follow, max-snippet:-1, max-image-preview:large, max-video-preview:-1\" \/>\n<link rel=\"canonical\" href=\"https:\/\/shopirbal.com\/pt\/politica-privacidade\/\" \/>\n<meta property=\"og:locale\" content=\"pt_PT\" \/>\n<meta property=\"og:type\" content=\"article\" \/>\n<meta property=\"og:title\" content=\"Pol\u00edtica de privacidade - Irbal\" \/>\n<meta property=\"og:description\" content=\"Pol\u00edtica de Privacidade A IRBAL \u00e9 a entidade respons\u00e1vel pelo tratamento dos dados pessoais e assume permanentemente o compromisso p\u00fablico de atuar em conformidade com a legisla\u00e7\u00e3o nacional e comunit\u00e1ria em vigor e aplic\u00e1vel; Os dados pessoais dos nossos clientes s\u00e3o tratados, exclusivamente, por se mostrarem necess\u00e1rios \u00e0 elabora\u00e7\u00e3o de or\u00e7amentos, celebra\u00e7\u00e3o e execu\u00e7\u00e3o de&hellip;\" \/>\n<meta property=\"og:url\" content=\"https:\/\/shopirbal.com\/pt\/politica-privacidade\/\" \/>\n<meta property=\"og:site_name\" content=\"Irbal\" \/>\n<meta property=\"article:publisher\" content=\"https:\/\/www.facebook.com\/IrbalSA\" \/>\n<meta property=\"article:modified_time\" content=\"2022-07-23T11:08:35+00:00\" \/>\n<meta property=\"og:image\" content=\"https:\/\/shopirbal.com\/pt\/wp-content\/uploads\/2022\/03\/banner-contactos.jpg\" \/>\n\t<meta property=\"og:image:width\" content=\"1024\" \/>\n\t<meta property=\"og:image:height\" content=\"830\" \/>\n\t<meta property=\"og:image:type\" content=\"image\/jpeg\" \/>\n<meta name=\"twitter:card\" content=\"summary_large_image\" \/>\n<meta name=\"twitter:label1\" content=\"Tempo estimado de leitura\" \/>\n\t<meta name=\"twitter:data1\" content=\"10 minutos\" \/>\n<script type=\"application\/ld+json\" class=\"yoast-schema-graph\">{\"@context\":\"https:\/\/schema.org\",\"@graph\":[{\"@type\":\"WebPage\",\"@id\":\"https:\/\/shopirbal.com\/pt\/politica-privacidade\/\",\"url\":\"https:\/\/shopirbal.com\/pt\/politica-privacidade\/\",\"name\":\"Pol\u00edtica de privacidade - Irbal\",\"isPartOf\":{\"@id\":\"https:\/\/shopirbal.com\/pt\/#website\"},\"datePublished\":\"2022-03-10T18:53:51+00:00\",\"dateModified\":\"2022-07-23T11:08:35+00:00\",\"breadcrumb\":{\"@id\":\"https:\/\/shopirbal.com\/pt\/politica-privacidade\/#breadcrumb\"},\"inLanguage\":\"pt-PT\",\"potentialAction\":[{\"@type\":\"ReadAction\",\"target\":[\"https:\/\/shopirbal.com\/pt\/politica-privacidade\/\"]}]},{\"@type\":\"BreadcrumbList\",\"@id\":\"https:\/\/shopirbal.com\/pt\/politica-privacidade\/#breadcrumb\",\"itemListElement\":[{\"@type\":\"ListItem\",\"position\":1,\"name\":\"In\u00edcio\",\"item\":\"https:\/\/shopirbal.com\/pt\/\"},{\"@type\":\"ListItem\",\"position\":2,\"name\":\"Pol\u00edtica de privacidade\"}]},{\"@type\":\"WebSite\",\"@id\":\"https:\/\/shopirbal.com\/pt\/#website\",\"url\":\"https:\/\/shopirbal.com\/pt\/\",\"name\":\"Irbal\",\"description\":\"Cria\u00e7\u00e3o, desenvolvimento e fabrica\u00e7\u00e3o de maquinaria para a constru\u00e7\u00e3o\",\"publisher\":{\"@id\":\"https:\/\/shopirbal.com\/pt\/#organization\"},\"alternateName\":\"Shop Irbal\",\"potentialAction\":[{\"@type\":\"SearchAction\",\"target\":{\"@type\":\"EntryPoint\",\"urlTemplate\":\"https:\/\/shopirbal.com\/pt\/?s={search_term_string}\"},\"query-input\":{\"@type\":\"PropertyValueSpecification\",\"valueRequired\":true,\"valueName\":\"search_term_string\"}}],\"inLanguage\":\"pt-PT\"},{\"@type\":\"Organization\",\"@id\":\"https:\/\/shopirbal.com\/pt\/#organization\",\"name\":\"Irbal, S.A\",\"alternateName\":\"Shop Irbal\",\"url\":\"https:\/\/shopirbal.com\/pt\/\",\"logo\":{\"@type\":\"ImageObject\",\"inLanguage\":\"pt-PT\",\"@id\":\"https:\/\/shopirbal.com\/pt\/#\/schema\/logo\/image\/\",\"url\":\"https:\/\/shopirbal.com\/pt\/wp-content\/uploads\/2022\/04\/logotipo-para-site-02.png\",\"contentUrl\":\"https:\/\/shopirbal.com\/pt\/wp-content\/uploads\/2022\/04\/logotipo-para-site-02.png\",\"width\":6702,\"height\":2246,\"caption\":\"Irbal, S.A\"},\"image\":{\"@id\":\"https:\/\/shopirbal.com\/pt\/#\/schema\/logo\/image\/\"},\"sameAs\":[\"https:\/\/www.facebook.com\/IrbalSA\",\"https:\/\/www.instagram.com\/irbalsa\",\"https:\/\/www.linkedin.com\/company\/irbalsa\/\",\"https:\/\/www.youtube.com\/channel\/UCfu-aZp4yMfDLNK3H8tUTvQ\"]}]}<\/script>\n<!-- \/ Yoast SEO plugin. -->","yoast_head_json":{"title":"Pol\u00edtica de privacidade - Irbal","robots":{"index":"index","follow":"follow","max-snippet":"max-snippet:-1","max-image-preview":"max-image-preview:large","max-video-preview":"max-video-preview:-1"},"canonical":"https:\/\/shopirbal.com\/pt\/politica-privacidade\/","og_locale":"pt_PT","og_type":"article","og_title":"Pol\u00edtica de privacidade - Irbal","og_description":"Pol\u00edtica de Privacidade A IRBAL \u00e9 a entidade respons\u00e1vel pelo tratamento dos dados pessoais e assume permanentemente o compromisso p\u00fablico de atuar em conformidade com a legisla\u00e7\u00e3o nacional e comunit\u00e1ria em vigor e aplic\u00e1vel; Os dados pessoais dos nossos clientes s\u00e3o tratados, exclusivamente, por se mostrarem necess\u00e1rios \u00e0 elabora\u00e7\u00e3o de or\u00e7amentos, celebra\u00e7\u00e3o e execu\u00e7\u00e3o de&hellip;","og_url":"https:\/\/shopirbal.com\/pt\/politica-privacidade\/","og_site_name":"Irbal","article_publisher":"https:\/\/www.facebook.com\/IrbalSA","article_modified_time":"2022-07-23T11:08:35+00:00","og_image":[{"width":1024,"height":830,"url":"https:\/\/shopirbal.com\/pt\/wp-content\/uploads\/2022\/03\/banner-contactos.jpg","type":"image\/jpeg"}],"twitter_card":"summary_large_image","twitter_misc":{"Tempo estimado de leitura":"10 minutos"},"schema":{"@context":"https:\/\/schema.org","@graph":[{"@type":"WebPage","@id":"https:\/\/shopirbal.com\/pt\/politica-privacidade\/","url":"https:\/\/shopirbal.com\/pt\/politica-privacidade\/","name":"Pol\u00edtica de privacidade - Irbal","isPartOf":{"@id":"https:\/\/shopirbal.com\/pt\/#website"},"datePublished":"2022-03-10T18:53:51+00:00","dateModified":"2022-07-23T11:08:35+00:00","breadcrumb":{"@id":"https:\/\/shopirbal.com\/pt\/politica-privacidade\/#breadcrumb"},"inLanguage":"pt-PT","potentialAction":[{"@type":"ReadAction","target":["https:\/\/shopirbal.com\/pt\/politica-privacidade\/"]}]},{"@type":"BreadcrumbList","@id":"https:\/\/shopirbal.com\/pt\/politica-privacidade\/#breadcrumb","itemListElement":[{"@type":"ListItem","position":1,"name":"In\u00edcio","item":"https:\/\/shopirbal.com\/pt\/"},{"@type":"ListItem","position":2,"name":"Pol\u00edtica de privacidade"}]},{"@type":"WebSite","@id":"https:\/\/shopirbal.com\/pt\/#website","url":"https:\/\/shopirbal.com\/pt\/","name":"Irbal","description":"Cria\u00e7\u00e3o, desenvolvimento e fabrica\u00e7\u00e3o de maquinaria para a constru\u00e7\u00e3o","publisher":{"@id":"https:\/\/shopirbal.com\/pt\/#organization"},"alternateName":"Shop Irbal","potentialAction":[{"@type":"SearchAction","target":{"@type":"EntryPoint","urlTemplate":"https:\/\/shopirbal.com\/pt\/?s={search_term_string}"},"query-input":{"@type":"PropertyValueSpecification","valueRequired":true,"valueName":"search_term_string"}}],"inLanguage":"pt-PT"},{"@type":"Organization","@id":"https:\/\/shopirbal.com\/pt\/#organization","name":"Irbal, S.A","alternateName":"Shop Irbal","url":"https:\/\/shopirbal.com\/pt\/","logo":{"@type":"ImageObject","inLanguage":"pt-PT","@id":"https:\/\/shopirbal.com\/pt\/#\/schema\/logo\/image\/","url":"https:\/\/shopirbal.com\/pt\/wp-content\/uploads\/2022\/04\/logotipo-para-site-02.png","contentUrl":"https:\/\/shopirbal.com\/pt\/wp-content\/uploads\/2022\/04\/logotipo-para-site-02.png","width":6702,"height":2246,"caption":"Irbal, S.A"},"image":{"@id":"https:\/\/shopirbal.com\/pt\/#\/schema\/logo\/image\/"},"sameAs":["https:\/\/www.facebook.com\/IrbalSA","https:\/\/www.instagram.com\/irbalsa","https:\/\/www.linkedin.com\/company\/irbalsa\/","https:\/\/www.youtube.com\/channel\/UCfu-aZp4yMfDLNK3H8tUTvQ"]}]}},"_links":{"self":[{"href":"https:\/\/shopirbal.com\/pt\/wp-json\/wp\/v2\/pages\/3","targetHints":{"allow":["GET"]}}],"collection":[{"href":"https:\/\/shopirbal.com\/pt\/wp-json\/wp\/v2\/pages"}],"about":[{"href":"https:\/\/shopirbal.com\/pt\/wp-json\/wp\/v2\/types\/page"}],"author":[{"embeddable":true,"href":"https:\/\/shopirbal.com\/pt\/wp-json\/wp\/v2\/users\/1"}],"replies":[{"embeddable":true,"href":"https:\/\/shopirbal.com\/pt\/wp-json\/wp\/v2\/comments?post=3"}],"version-history":[{"count":0,"href":"https:\/\/shopirbal.com\/pt\/wp-json\/wp\/v2\/pages\/3\/revisions"}],"wp:attachment":[{"href":"https:\/\/shopirbal.com\/pt\/wp-json\/wp\/v2\/media?parent=3"}],"curies":[{"name":"wp","href":"https:\/\/api.w.org\/{rel}","templated":true}]}}