{"id":1096,"date":"2022-07-02T17:32:41","date_gmt":"2022-07-02T17:32:41","guid":{"rendered":"http:\/\/shopirbal.com\/pt\/?post_type=product&#038;p=1096"},"modified":"2022-08-03T18:27:56","modified_gmt":"2022-08-03T18:27:56","slug":"motor-ele-2-00hp","status":"publish","type":"product","link":"https:\/\/shopirbal.com\/pt\/produto\/motor-ele-2-00hp\/","title":{"rendered":"Motor ELE 2,00HP"},"content":{"rendered":"<p>MOTOR ELE 2,00HP COM POLIE     <\/p>\n<p>REF: PT.05.01.1.04<br \/>\nMarca: IRBAL<\/p>\n","protected":false},"excerpt":{"rendered":"<p>MOTOR ELE 2,00HP COM POLIE     <\/p>\n","protected":false},"featured_media":1112,"comment_status":"open","ping_status":"closed","template":"","meta":[],"product_brand":[],"product_cat":[44,122],"product_tag":[],"class_list":{"0":"post-1096","1":"product","2":"type-product","3":"status-publish","4":"has-post-thumbnail","6":"product_cat-pecas-sobresselentes","7":"product_cat-motores","8":"product_shipping_class-ate-20kg","10":"first","11":"instock","12":"taxable","13":"shipping-taxable","14":"purchasable","15":"product-type-simple"},"yoast_head":"<!-- This site is optimized with the Yoast SEO plugin v24.4 - https:\/\/yoast.com\/wordpress\/plugins\/seo\/ -->\n<title>Motor ELE 2,00HP - Irbal<\/title>\n<meta name=\"robots\" content=\"index, follow, max-snippet:-1, max-image-preview:large, max-video-preview:-1\" \/>\n<link rel=\"canonical\" href=\"https:\/\/shopirbal.com\/pt\/produto\/motor-ele-2-00hp\/\" \/>\n<meta property=\"og:locale\" content=\"pt_PT\" \/>\n<meta property=\"og:type\" content=\"article\" \/>\n<meta property=\"og:title\" content=\"Motor ELE 2,00HP - Irbal\" \/>\n<meta property=\"og:description\" content=\"MOTOR ELE 2,00HP COM POLIE\" \/>\n<meta property=\"og:url\" content=\"https:\/\/shopirbal.com\/pt\/produto\/motor-ele-2-00hp\/\" \/>\n<meta property=\"og:site_name\" content=\"Irbal\" \/>\n<meta property=\"article:publisher\" content=\"https:\/\/www.facebook.com\/IrbalSA\" \/>\n<meta property=\"article:modified_time\" content=\"2022-08-03T18:27:56+00:00\" \/>\n<meta property=\"og:image\" content=\"http:\/\/shopirbal.com\/pt\/wp-content\/uploads\/2022\/07\/PT.05.01.1.03_0001_Camada-4.png\" \/>\n\t<meta property=\"og:image:width\" content=\"1010\" \/>\n\t<meta property=\"og:image:height\" content=\"1240\" \/>\n\t<meta property=\"og:image:type\" content=\"image\/png\" \/>\n<meta name=\"twitter:card\" content=\"summary_large_image\" \/>\n<meta name=\"twitter:label1\" content=\"Tempo estimado de leitura\" \/>\n\t<meta name=\"twitter:data1\" content=\"1 minuto\" \/>\n<script type=\"application\/ld+json\" class=\"yoast-schema-graph\">{\"@context\":\"https:\/\/schema.org\",\"@graph\":[{\"@type\":\"WebPage\",\"@id\":\"https:\/\/shopirbal.com\/pt\/produto\/motor-ele-2-00hp\/\",\"url\":\"https:\/\/shopirbal.com\/pt\/produto\/motor-ele-2-00hp\/\",\"name\":\"Motor ELE 2,00HP - Irbal\",\"isPartOf\":{\"@id\":\"https:\/\/shopirbal.com\/pt\/#website\"},\"primaryImageOfPage\":{\"@id\":\"https:\/\/shopirbal.com\/pt\/produto\/motor-ele-2-00hp\/#primaryimage\"},\"image\":{\"@id\":\"https:\/\/shopirbal.com\/pt\/produto\/motor-ele-2-00hp\/#primaryimage\"},\"thumbnailUrl\":\"https:\/\/shopirbal.com\/pt\/wp-content\/uploads\/2022\/07\/PT.05.01.1.03_0001_Camada-4.png\",\"datePublished\":\"2022-07-02T17:32:41+00:00\",\"dateModified\":\"2022-08-03T18:27:56+00:00\",\"breadcrumb\":{\"@id\":\"https:\/\/shopirbal.com\/pt\/produto\/motor-ele-2-00hp\/#breadcrumb\"},\"inLanguage\":\"pt-PT\",\"potentialAction\":[{\"@type\":\"ReadAction\",\"target\":[\"https:\/\/shopirbal.com\/pt\/produto\/motor-ele-2-00hp\/\"]}]},{\"@type\":\"ImageObject\",\"inLanguage\":\"pt-PT\",\"@id\":\"https:\/\/shopirbal.com\/pt\/produto\/motor-ele-2-00hp\/#primaryimage\",\"url\":\"https:\/\/shopirbal.com\/pt\/wp-content\/uploads\/2022\/07\/PT.05.01.1.03_0001_Camada-4.png\",\"contentUrl\":\"https:\/\/shopirbal.com\/pt\/wp-content\/uploads\/2022\/07\/PT.05.01.1.03_0001_Camada-4.png\",\"width\":1010,\"height\":1240},{\"@type\":\"BreadcrumbList\",\"@id\":\"https:\/\/shopirbal.com\/pt\/produto\/motor-ele-2-00hp\/#breadcrumb\",\"itemListElement\":[{\"@type\":\"ListItem\",\"position\":1,\"name\":\"In\u00edcio\",\"item\":\"https:\/\/shopirbal.com\/pt\/\"},{\"@type\":\"ListItem\",\"position\":2,\"name\":\"Shop\",\"item\":\"https:\/\/shopirbal.com\/pt\/shop\/\"},{\"@type\":\"ListItem\",\"position\":3,\"name\":\"Motor ELE 2,00HP\"}]},{\"@type\":\"WebSite\",\"@id\":\"https:\/\/shopirbal.com\/pt\/#website\",\"url\":\"https:\/\/shopirbal.com\/pt\/\",\"name\":\"Irbal\",\"description\":\"Cria\u00e7\u00e3o, desenvolvimento e fabrica\u00e7\u00e3o de maquinaria para a constru\u00e7\u00e3o\",\"publisher\":{\"@id\":\"https:\/\/shopirbal.com\/pt\/#organization\"},\"alternateName\":\"Shop Irbal\",\"potentialAction\":[{\"@type\":\"SearchAction\",\"target\":{\"@type\":\"EntryPoint\",\"urlTemplate\":\"https:\/\/shopirbal.com\/pt\/?s={search_term_string}\"},\"query-input\":{\"@type\":\"PropertyValueSpecification\",\"valueRequired\":true,\"valueName\":\"search_term_string\"}}],\"inLanguage\":\"pt-PT\"},{\"@type\":\"Organization\",\"@id\":\"https:\/\/shopirbal.com\/pt\/#organization\",\"name\":\"Irbal, S.A\",\"alternateName\":\"Shop Irbal\",\"url\":\"https:\/\/shopirbal.com\/pt\/\",\"logo\":{\"@type\":\"ImageObject\",\"inLanguage\":\"pt-PT\",\"@id\":\"https:\/\/shopirbal.com\/pt\/#\/schema\/logo\/image\/\",\"url\":\"https:\/\/shopirbal.com\/pt\/wp-content\/uploads\/2022\/04\/logotipo-para-site-02.png\",\"contentUrl\":\"https:\/\/shopirbal.com\/pt\/wp-content\/uploads\/2022\/04\/logotipo-para-site-02.png\",\"width\":6702,\"height\":2246,\"caption\":\"Irbal, S.A\"},\"image\":{\"@id\":\"https:\/\/shopirbal.com\/pt\/#\/schema\/logo\/image\/\"},\"sameAs\":[\"https:\/\/www.facebook.com\/IrbalSA\",\"https:\/\/www.instagram.com\/irbalsa\",\"https:\/\/www.linkedin.com\/company\/irbalsa\/\",\"https:\/\/www.youtube.com\/channel\/UCfu-aZp4yMfDLNK3H8tUTvQ\"]}]}<\/script>\n<!-- \/ Yoast SEO plugin. -->","yoast_head_json":{"title":"Motor ELE 2,00HP - Irbal","robots":{"index":"index","follow":"follow","max-snippet":"max-snippet:-1","max-image-preview":"max-image-preview:large","max-video-preview":"max-video-preview:-1"},"canonical":"https:\/\/shopirbal.com\/pt\/produto\/motor-ele-2-00hp\/","og_locale":"pt_PT","og_type":"article","og_title":"Motor ELE 2,00HP - Irbal","og_description":"MOTOR ELE 2,00HP COM POLIE","og_url":"https:\/\/shopirbal.com\/pt\/produto\/motor-ele-2-00hp\/","og_site_name":"Irbal","article_publisher":"https:\/\/www.facebook.com\/IrbalSA","article_modified_time":"2022-08-03T18:27:56+00:00","og_image":[{"width":1010,"height":1240,"url":"http:\/\/shopirbal.com\/pt\/wp-content\/uploads\/2022\/07\/PT.05.01.1.03_0001_Camada-4.png","type":"image\/png"}],"twitter_card":"summary_large_image","twitter_misc":{"Tempo estimado de leitura":"1 minuto"},"schema":{"@context":"https:\/\/schema.org","@graph":[{"@type":"WebPage","@id":"https:\/\/shopirbal.com\/pt\/produto\/motor-ele-2-00hp\/","url":"https:\/\/shopirbal.com\/pt\/produto\/motor-ele-2-00hp\/","name":"Motor ELE 2,00HP - Irbal","isPartOf":{"@id":"https:\/\/shopirbal.com\/pt\/#website"},"primaryImageOfPage":{"@id":"https:\/\/shopirbal.com\/pt\/produto\/motor-ele-2-00hp\/#primaryimage"},"image":{"@id":"https:\/\/shopirbal.com\/pt\/produto\/motor-ele-2-00hp\/#primaryimage"},"thumbnailUrl":"https:\/\/shopirbal.com\/pt\/wp-content\/uploads\/2022\/07\/PT.05.01.1.03_0001_Camada-4.png","datePublished":"2022-07-02T17:32:41+00:00","dateModified":"2022-08-03T18:27:56+00:00","breadcrumb":{"@id":"https:\/\/shopirbal.com\/pt\/produto\/motor-ele-2-00hp\/#breadcrumb"},"inLanguage":"pt-PT","potentialAction":[{"@type":"ReadAction","target":["https:\/\/shopirbal.com\/pt\/produto\/motor-ele-2-00hp\/"]}]},{"@type":"ImageObject","inLanguage":"pt-PT","@id":"https:\/\/shopirbal.com\/pt\/produto\/motor-ele-2-00hp\/#primaryimage","url":"https:\/\/shopirbal.com\/pt\/wp-content\/uploads\/2022\/07\/PT.05.01.1.03_0001_Camada-4.png","contentUrl":"https:\/\/shopirbal.com\/pt\/wp-content\/uploads\/2022\/07\/PT.05.01.1.03_0001_Camada-4.png","width":1010,"height":1240},{"@type":"BreadcrumbList","@id":"https:\/\/shopirbal.com\/pt\/produto\/motor-ele-2-00hp\/#breadcrumb","itemListElement":[{"@type":"ListItem","position":1,"name":"In\u00edcio","item":"https:\/\/shopirbal.com\/pt\/"},{"@type":"ListItem","position":2,"name":"Shop","item":"https:\/\/shopirbal.com\/pt\/shop\/"},{"@type":"ListItem","position":3,"name":"Motor ELE 2,00HP"}]},{"@type":"WebSite","@id":"https:\/\/shopirbal.com\/pt\/#website","url":"https:\/\/shopirbal.com\/pt\/","name":"Irbal","description":"Cria\u00e7\u00e3o, desenvolvimento e fabrica\u00e7\u00e3o de maquinaria para a constru\u00e7\u00e3o","publisher":{"@id":"https:\/\/shopirbal.com\/pt\/#organization"},"alternateName":"Shop Irbal","potentialAction":[{"@type":"SearchAction","target":{"@type":"EntryPoint","urlTemplate":"https:\/\/shopirbal.com\/pt\/?s={search_term_string}"},"query-input":{"@type":"PropertyValueSpecification","valueRequired":true,"valueName":"search_term_string"}}],"inLanguage":"pt-PT"},{"@type":"Organization","@id":"https:\/\/shopirbal.com\/pt\/#organization","name":"Irbal, S.A","alternateName":"Shop Irbal","url":"https:\/\/shopirbal.com\/pt\/","logo":{"@type":"ImageObject","inLanguage":"pt-PT","@id":"https:\/\/shopirbal.com\/pt\/#\/schema\/logo\/image\/","url":"https:\/\/shopirbal.com\/pt\/wp-content\/uploads\/2022\/04\/logotipo-para-site-02.png","contentUrl":"https:\/\/shopirbal.com\/pt\/wp-content\/uploads\/2022\/04\/logotipo-para-site-02.png","width":6702,"height":2246,"caption":"Irbal, S.A"},"image":{"@id":"https:\/\/shopirbal.com\/pt\/#\/schema\/logo\/image\/"},"sameAs":["https:\/\/www.facebook.com\/IrbalSA","https:\/\/www.instagram.com\/irbalsa","https:\/\/www.linkedin.com\/company\/irbalsa\/","https:\/\/www.youtube.com\/channel\/UCfu-aZp4yMfDLNK3H8tUTvQ"]}]}},"_links":{"self":[{"href":"https:\/\/shopirbal.com\/pt\/wp-json\/wp\/v2\/product\/1096","targetHints":{"allow":["GET"]}}],"collection":[{"href":"https:\/\/shopirbal.com\/pt\/wp-json\/wp\/v2\/product"}],"about":[{"href":"https:\/\/shopirbal.com\/pt\/wp-json\/wp\/v2\/types\/product"}],"replies":[{"embeddable":true,"href":"https:\/\/shopirbal.com\/pt\/wp-json\/wp\/v2\/comments?post=1096"}],"wp:featuredmedia":[{"embeddable":true,"href":"https:\/\/shopirbal.com\/pt\/wp-json\/wp\/v2\/media\/1112"}],"wp:attachment":[{"href":"https:\/\/shopirbal.com\/pt\/wp-json\/wp\/v2\/media?parent=1096"}],"wp:term":[{"taxonomy":"product_brand","embeddable":true,"href":"https:\/\/shopirbal.com\/pt\/wp-json\/wp\/v2\/product_brand?post=1096"},{"taxonomy":"product_cat","embeddable":true,"href":"https:\/\/shopirbal.com\/pt\/wp-json\/wp\/v2\/product_cat?post=1096"},{"taxonomy":"product_tag","embeddable":true,"href":"https:\/\/shopirbal.com\/pt\/wp-json\/wp\/v2\/product_tag?post=1096"}],"curies":[{"name":"wp","href":"https:\/\/api.w.org\/{rel}","templated":true}]}}