{"id":1641,"date":"2022-11-14T09:57:15","date_gmt":"2022-11-14T09:57:15","guid":{"rendered":"https:\/\/shopirbal.com\/pt\/?post_type=product&#038;p=1641"},"modified":"2025-02-10T11:28:12","modified_gmt":"2025-02-10T11:28:12","slug":"broca-de-terra-a-gasolina-elb52","status":"publish","type":"product","link":"https:\/\/shopirbal.com\/pt\/produto\/broca-de-terra-a-gasolina-elb52\/","title":{"rendered":"Broca de Terra a Gasolina ELB52"},"content":{"rendered":"<p>Perfura\u00e7\u00e3o f\u00e1cil no solo, gra\u00e7as \u00e0 pot\u00eancia do motor a gasolina. Caixa de velocidades equipada com v\u00e1lvula de controle de press\u00e3o.<\/p>\n<p>\u2022 Bomba de combust\u00edvel com controlador de entrada de ar que assegura um f\u00e1cil arranque<br \/>\n\u2022 Tanque de combust\u00edvel: 1,2L<br \/>\n\u2022 Embraiagem centr\u00edfuga robusta garante longa dura\u00e7\u00e3o<br \/>\n\u2022 Inclui frasco para fazer mistura de combust\u00edvel<br \/>\n\u2022 Capacidade dep\u00f3sito de combust\u00edvel: 12L<\/p>\n<p>3 brocas inclu\u00eddas:<br \/>\n\u00d8100<br \/>\n\u00d8150<br \/>\n\u00d8200<\/p>\n<p>Comprimento das brocas: 800mm<\/p>\n<p>Utiliza\u00e7\u00e3o:<br \/>\n&#8211; Instala\u00e7\u00f5es de postes e cercas<br \/>\n&#8211; para planta\u00e7\u00f5es de \u00e1rvores, plantas e vinhas<\/p>\n<p>&nbsp;<\/p>\n<p>REF: MC.A.300800<\/p>\n<p>Marca: ATIKA<\/p>\n","protected":false},"excerpt":{"rendered":"<p>BROCA DE TERRA A GASOLINA ELB52<\/p>\n","protected":false},"featured_media":1642,"comment_status":"open","ping_status":"closed","template":"","meta":[],"product_brand":[],"product_cat":[367,334],"product_tag":[],"class_list":{"0":"post-1641","1":"product","2":"type-product","3":"status-publish","4":"has-post-thumbnail","6":"product_cat-corte","7":"product_cat-mistura-vibracao-corte","8":"product_shipping_class-ate-20kg","10":"first","11":"outofstock","12":"taxable","13":"shipping-taxable","14":"purchasable","15":"product-type-simple"},"yoast_head":"<!-- This site is optimized with the Yoast SEO plugin v24.4 - https:\/\/yoast.com\/wordpress\/plugins\/seo\/ -->\n<title>Broca de Terra a Gasolina ELB52 - Irbal<\/title>\n<meta name=\"robots\" content=\"index, follow, max-snippet:-1, max-image-preview:large, max-video-preview:-1\" \/>\n<link rel=\"canonical\" href=\"https:\/\/shopirbal.com\/pt\/produto\/broca-de-terra-a-gasolina-elb52\/\" \/>\n<meta property=\"og:locale\" content=\"pt_PT\" \/>\n<meta property=\"og:type\" content=\"article\" \/>\n<meta property=\"og:title\" content=\"Broca de Terra a Gasolina ELB52 - Irbal\" \/>\n<meta property=\"og:description\" content=\"BROCA DE TERRA A GASOLINA ELB52\" \/>\n<meta property=\"og:url\" content=\"https:\/\/shopirbal.com\/pt\/produto\/broca-de-terra-a-gasolina-elb52\/\" \/>\n<meta property=\"og:site_name\" content=\"Irbal\" \/>\n<meta property=\"article:publisher\" content=\"https:\/\/www.facebook.com\/IrbalSA\" \/>\n<meta property=\"article:modified_time\" content=\"2025-02-10T11:28:12+00:00\" \/>\n<meta property=\"og:image\" content=\"http:\/\/shopirbal.com\/pt\/wp-content\/uploads\/2022\/09\/42.png\" \/>\n\t<meta property=\"og:image:width\" content=\"1010\" \/>\n\t<meta property=\"og:image:height\" content=\"1240\" \/>\n\t<meta property=\"og:image:type\" content=\"image\/png\" \/>\n<meta name=\"twitter:card\" content=\"summary_large_image\" \/>\n<meta name=\"twitter:label1\" content=\"Tempo estimado de leitura\" \/>\n\t<meta name=\"twitter:data1\" content=\"1 minuto\" \/>\n<script type=\"application\/ld+json\" class=\"yoast-schema-graph\">{\"@context\":\"https:\/\/schema.org\",\"@graph\":[{\"@type\":\"WebPage\",\"@id\":\"https:\/\/shopirbal.com\/pt\/produto\/broca-de-terra-a-gasolina-elb52\/\",\"url\":\"https:\/\/shopirbal.com\/pt\/produto\/broca-de-terra-a-gasolina-elb52\/\",\"name\":\"Broca de Terra a Gasolina ELB52 - Irbal\",\"isPartOf\":{\"@id\":\"https:\/\/shopirbal.com\/pt\/#website\"},\"primaryImageOfPage\":{\"@id\":\"https:\/\/shopirbal.com\/pt\/produto\/broca-de-terra-a-gasolina-elb52\/#primaryimage\"},\"image\":{\"@id\":\"https:\/\/shopirbal.com\/pt\/produto\/broca-de-terra-a-gasolina-elb52\/#primaryimage\"},\"thumbnailUrl\":\"https:\/\/shopirbal.com\/pt\/wp-content\/uploads\/2022\/09\/42.png\",\"datePublished\":\"2022-11-14T09:57:15+00:00\",\"dateModified\":\"2025-02-10T11:28:12+00:00\",\"breadcrumb\":{\"@id\":\"https:\/\/shopirbal.com\/pt\/produto\/broca-de-terra-a-gasolina-elb52\/#breadcrumb\"},\"inLanguage\":\"pt-PT\",\"potentialAction\":[{\"@type\":\"ReadAction\",\"target\":[\"https:\/\/shopirbal.com\/pt\/produto\/broca-de-terra-a-gasolina-elb52\/\"]}]},{\"@type\":\"ImageObject\",\"inLanguage\":\"pt-PT\",\"@id\":\"https:\/\/shopirbal.com\/pt\/produto\/broca-de-terra-a-gasolina-elb52\/#primaryimage\",\"url\":\"https:\/\/shopirbal.com\/pt\/wp-content\/uploads\/2022\/09\/42.png\",\"contentUrl\":\"https:\/\/shopirbal.com\/pt\/wp-content\/uploads\/2022\/09\/42.png\",\"width\":1010,\"height\":1240},{\"@type\":\"BreadcrumbList\",\"@id\":\"https:\/\/shopirbal.com\/pt\/produto\/broca-de-terra-a-gasolina-elb52\/#breadcrumb\",\"itemListElement\":[{\"@type\":\"ListItem\",\"position\":1,\"name\":\"In\u00edcio\",\"item\":\"https:\/\/shopirbal.com\/pt\/\"},{\"@type\":\"ListItem\",\"position\":2,\"name\":\"Shop\",\"item\":\"https:\/\/shopirbal.com\/pt\/shop\/\"},{\"@type\":\"ListItem\",\"position\":3,\"name\":\"Broca de Terra a Gasolina ELB52\"}]},{\"@type\":\"WebSite\",\"@id\":\"https:\/\/shopirbal.com\/pt\/#website\",\"url\":\"https:\/\/shopirbal.com\/pt\/\",\"name\":\"Irbal\",\"description\":\"Cria\u00e7\u00e3o, desenvolvimento e fabrica\u00e7\u00e3o de maquinaria para a constru\u00e7\u00e3o\",\"publisher\":{\"@id\":\"https:\/\/shopirbal.com\/pt\/#organization\"},\"alternateName\":\"Shop Irbal\",\"potentialAction\":[{\"@type\":\"SearchAction\",\"target\":{\"@type\":\"EntryPoint\",\"urlTemplate\":\"https:\/\/shopirbal.com\/pt\/?s={search_term_string}\"},\"query-input\":{\"@type\":\"PropertyValueSpecification\",\"valueRequired\":true,\"valueName\":\"search_term_string\"}}],\"inLanguage\":\"pt-PT\"},{\"@type\":\"Organization\",\"@id\":\"https:\/\/shopirbal.com\/pt\/#organization\",\"name\":\"Irbal, S.A\",\"alternateName\":\"Shop Irbal\",\"url\":\"https:\/\/shopirbal.com\/pt\/\",\"logo\":{\"@type\":\"ImageObject\",\"inLanguage\":\"pt-PT\",\"@id\":\"https:\/\/shopirbal.com\/pt\/#\/schema\/logo\/image\/\",\"url\":\"https:\/\/shopirbal.com\/pt\/wp-content\/uploads\/2022\/04\/logotipo-para-site-02.png\",\"contentUrl\":\"https:\/\/shopirbal.com\/pt\/wp-content\/uploads\/2022\/04\/logotipo-para-site-02.png\",\"width\":6702,\"height\":2246,\"caption\":\"Irbal, S.A\"},\"image\":{\"@id\":\"https:\/\/shopirbal.com\/pt\/#\/schema\/logo\/image\/\"},\"sameAs\":[\"https:\/\/www.facebook.com\/IrbalSA\",\"https:\/\/www.instagram.com\/irbalsa\",\"https:\/\/www.linkedin.com\/company\/irbalsa\/\",\"https:\/\/www.youtube.com\/channel\/UCfu-aZp4yMfDLNK3H8tUTvQ\"]}]}<\/script>\n<!-- \/ Yoast SEO plugin. -->","yoast_head_json":{"title":"Broca de Terra a Gasolina ELB52 - Irbal","robots":{"index":"index","follow":"follow","max-snippet":"max-snippet:-1","max-image-preview":"max-image-preview:large","max-video-preview":"max-video-preview:-1"},"canonical":"https:\/\/shopirbal.com\/pt\/produto\/broca-de-terra-a-gasolina-elb52\/","og_locale":"pt_PT","og_type":"article","og_title":"Broca de Terra a Gasolina ELB52 - Irbal","og_description":"BROCA DE TERRA A GASOLINA ELB52","og_url":"https:\/\/shopirbal.com\/pt\/produto\/broca-de-terra-a-gasolina-elb52\/","og_site_name":"Irbal","article_publisher":"https:\/\/www.facebook.com\/IrbalSA","article_modified_time":"2025-02-10T11:28:12+00:00","og_image":[{"width":1010,"height":1240,"url":"http:\/\/shopirbal.com\/pt\/wp-content\/uploads\/2022\/09\/42.png","type":"image\/png"}],"twitter_card":"summary_large_image","twitter_misc":{"Tempo estimado de leitura":"1 minuto"},"schema":{"@context":"https:\/\/schema.org","@graph":[{"@type":"WebPage","@id":"https:\/\/shopirbal.com\/pt\/produto\/broca-de-terra-a-gasolina-elb52\/","url":"https:\/\/shopirbal.com\/pt\/produto\/broca-de-terra-a-gasolina-elb52\/","name":"Broca de Terra a Gasolina ELB52 - Irbal","isPartOf":{"@id":"https:\/\/shopirbal.com\/pt\/#website"},"primaryImageOfPage":{"@id":"https:\/\/shopirbal.com\/pt\/produto\/broca-de-terra-a-gasolina-elb52\/#primaryimage"},"image":{"@id":"https:\/\/shopirbal.com\/pt\/produto\/broca-de-terra-a-gasolina-elb52\/#primaryimage"},"thumbnailUrl":"https:\/\/shopirbal.com\/pt\/wp-content\/uploads\/2022\/09\/42.png","datePublished":"2022-11-14T09:57:15+00:00","dateModified":"2025-02-10T11:28:12+00:00","breadcrumb":{"@id":"https:\/\/shopirbal.com\/pt\/produto\/broca-de-terra-a-gasolina-elb52\/#breadcrumb"},"inLanguage":"pt-PT","potentialAction":[{"@type":"ReadAction","target":["https:\/\/shopirbal.com\/pt\/produto\/broca-de-terra-a-gasolina-elb52\/"]}]},{"@type":"ImageObject","inLanguage":"pt-PT","@id":"https:\/\/shopirbal.com\/pt\/produto\/broca-de-terra-a-gasolina-elb52\/#primaryimage","url":"https:\/\/shopirbal.com\/pt\/wp-content\/uploads\/2022\/09\/42.png","contentUrl":"https:\/\/shopirbal.com\/pt\/wp-content\/uploads\/2022\/09\/42.png","width":1010,"height":1240},{"@type":"BreadcrumbList","@id":"https:\/\/shopirbal.com\/pt\/produto\/broca-de-terra-a-gasolina-elb52\/#breadcrumb","itemListElement":[{"@type":"ListItem","position":1,"name":"In\u00edcio","item":"https:\/\/shopirbal.com\/pt\/"},{"@type":"ListItem","position":2,"name":"Shop","item":"https:\/\/shopirbal.com\/pt\/shop\/"},{"@type":"ListItem","position":3,"name":"Broca de Terra a Gasolina ELB52"}]},{"@type":"WebSite","@id":"https:\/\/shopirbal.com\/pt\/#website","url":"https:\/\/shopirbal.com\/pt\/","name":"Irbal","description":"Cria\u00e7\u00e3o, desenvolvimento e fabrica\u00e7\u00e3o de maquinaria para a constru\u00e7\u00e3o","publisher":{"@id":"https:\/\/shopirbal.com\/pt\/#organization"},"alternateName":"Shop Irbal","potentialAction":[{"@type":"SearchAction","target":{"@type":"EntryPoint","urlTemplate":"https:\/\/shopirbal.com\/pt\/?s={search_term_string}"},"query-input":{"@type":"PropertyValueSpecification","valueRequired":true,"valueName":"search_term_string"}}],"inLanguage":"pt-PT"},{"@type":"Organization","@id":"https:\/\/shopirbal.com\/pt\/#organization","name":"Irbal, S.A","alternateName":"Shop Irbal","url":"https:\/\/shopirbal.com\/pt\/","logo":{"@type":"ImageObject","inLanguage":"pt-PT","@id":"https:\/\/shopirbal.com\/pt\/#\/schema\/logo\/image\/","url":"https:\/\/shopirbal.com\/pt\/wp-content\/uploads\/2022\/04\/logotipo-para-site-02.png","contentUrl":"https:\/\/shopirbal.com\/pt\/wp-content\/uploads\/2022\/04\/logotipo-para-site-02.png","width":6702,"height":2246,"caption":"Irbal, S.A"},"image":{"@id":"https:\/\/shopirbal.com\/pt\/#\/schema\/logo\/image\/"},"sameAs":["https:\/\/www.facebook.com\/IrbalSA","https:\/\/www.instagram.com\/irbalsa","https:\/\/www.linkedin.com\/company\/irbalsa\/","https:\/\/www.youtube.com\/channel\/UCfu-aZp4yMfDLNK3H8tUTvQ"]}]}},"_links":{"self":[{"href":"https:\/\/shopirbal.com\/pt\/wp-json\/wp\/v2\/product\/1641","targetHints":{"allow":["GET"]}}],"collection":[{"href":"https:\/\/shopirbal.com\/pt\/wp-json\/wp\/v2\/product"}],"about":[{"href":"https:\/\/shopirbal.com\/pt\/wp-json\/wp\/v2\/types\/product"}],"replies":[{"embeddable":true,"href":"https:\/\/shopirbal.com\/pt\/wp-json\/wp\/v2\/comments?post=1641"}],"wp:featuredmedia":[{"embeddable":true,"href":"https:\/\/shopirbal.com\/pt\/wp-json\/wp\/v2\/media\/1642"}],"wp:attachment":[{"href":"https:\/\/shopirbal.com\/pt\/wp-json\/wp\/v2\/media?parent=1641"}],"wp:term":[{"taxonomy":"product_brand","embeddable":true,"href":"https:\/\/shopirbal.com\/pt\/wp-json\/wp\/v2\/product_brand?post=1641"},{"taxonomy":"product_cat","embeddable":true,"href":"https:\/\/shopirbal.com\/pt\/wp-json\/wp\/v2\/product_cat?post=1641"},{"taxonomy":"product_tag","embeddable":true,"href":"https:\/\/shopirbal.com\/pt\/wp-json\/wp\/v2\/product_tag?post=1641"}],"curies":[{"name":"wp","href":"https:\/\/api.w.org\/{rel}","templated":true}]}}