{"id":1674,"date":"2022-11-16T11:03:14","date_gmt":"2022-11-16T11:03:14","guid":{"rendered":"https:\/\/shopirbal.com\/pt\/?post_type=product&#038;p=1674"},"modified":"2026-03-19T10:02:53","modified_gmt":"2026-03-19T10:02:53","slug":"saltitao-rtx70","status":"publish","type":"product","link":"https:\/\/shopirbal.com\/pt\/produto\/saltitao-rtx70\/","title":{"rendered":"Saltit\u00e3o RTX70"},"content":{"rendered":"<p>Saltit\u00e3o com motor 4 tempos HONDA GXR 120.<br \/>\nTestado e validado nos ambientes de trabalho mais exigentes.<br \/>\nExcelente equil\u00edbrio entre f\u00e1cil controlo e alto n\u00edvel de compacta\u00e7\u00e3o.<\/p>\n<p>\u2022 Ideal para empresas de aluguer de m\u00e1quinas<br \/>\n\u2022 Mais pot\u00eancia para uso otimizado em todos os tipos de terreno<br \/>\n\u2022 Guiador com amortecimento (baixa vibra\u00e7\u00e3o transmitida \u00e0s m\u00e3os e bra\u00e7os)<br \/>\n\u2022 Filtro de ar triplo<br \/>\n\u2022 Hor\u00edmetro<br \/>\n\u2022 Filtro duplo de gasolina<br \/>\n\u2022 P\u00e9 de baixa manuten\u00e7\u00e3o, cor, de f\u00e1cil abertura para f\u00e1cil acesso, em opera\u00e7\u00f5es de manuten\u00e7\u00e3o<br \/>\n\u2022 Motor com prote\u00e7\u00e3o de arranque contra falta de \u00f3leo<br \/>\n\u2022 Ponto de eleva\u00e7\u00e3o<br \/>\n\u2022 Rolo de transporte para f\u00e1cil movimenta\u00e7\u00e3o<br \/>\n\u2022 Painel ergon\u00f3mico<\/p>\n<p>Dep\u00f3sito combust\u00edvel: 2.5L<br \/>\nImpactos no solo: 450 \u2013 700 golpes\/min<br \/>\nFrequ\u00eancia vibra\u00e7\u00e3o: 11 Hz<br \/>\nFor\u00e7a de impacto: 18 kN<br \/>\nEleva\u00e7\u00e3o de p\u00e9: 52 mm<br \/>\nN\u00edvel sonoro: 108 dB(A)<\/p>\n<p>Pot\u00eancia: 3.6 \/ 2.7 Hp\/Kw<\/p>\n<p>Dimens\u00f5es sapata: 280 x 385mm<\/p>\n<p>&nbsp;<\/p>\n<p>REF: MC.RTX70HW280S<\/p>\n<p>Marca: BELLE<\/p>\n","protected":false},"excerpt":{"rendered":"<p>SALTIT\u00c3O RTX70<\/p>\n","protected":false},"featured_media":1675,"comment_status":"open","ping_status":"closed","template":"","meta":[],"product_brand":[],"product_cat":[381,371],"product_tag":[],"class_list":{"0":"post-1674","1":"product","2":"type-product","3":"status-publish","4":"has-post-thumbnail","6":"product_cat-saltitao","7":"product_cat-compactacao","8":"product_shipping_class-standard-100kg","10":"first","11":"outofstock","12":"taxable","13":"shipping-taxable","14":"purchasable","15":"product-type-simple"},"yoast_head":"<!-- This site is optimized with the Yoast SEO plugin v24.4 - https:\/\/yoast.com\/wordpress\/plugins\/seo\/ -->\n<title>Saltit\u00e3o RTX70 - Irbal<\/title>\n<meta name=\"robots\" content=\"index, follow, max-snippet:-1, max-image-preview:large, max-video-preview:-1\" \/>\n<link rel=\"canonical\" href=\"https:\/\/shopirbal.com\/pt\/produto\/saltitao-rtx70\/\" \/>\n<meta property=\"og:locale\" content=\"pt_PT\" \/>\n<meta property=\"og:type\" content=\"article\" \/>\n<meta property=\"og:title\" content=\"Saltit\u00e3o RTX70 - Irbal\" \/>\n<meta property=\"og:description\" content=\"SALTIT\u00c3O RTX70\" \/>\n<meta property=\"og:url\" content=\"https:\/\/shopirbal.com\/pt\/produto\/saltitao-rtx70\/\" \/>\n<meta property=\"og:site_name\" content=\"Irbal\" \/>\n<meta property=\"article:publisher\" content=\"https:\/\/www.facebook.com\/IrbalSA\" \/>\n<meta property=\"article:modified_time\" content=\"2026-03-19T10:02:53+00:00\" \/>\n<meta property=\"og:image\" content=\"https:\/\/shopirbal.com\/pt\/wp-content\/uploads\/2022\/10\/57.png\" \/>\n\t<meta property=\"og:image:width\" content=\"1010\" \/>\n\t<meta property=\"og:image:height\" content=\"1240\" \/>\n\t<meta property=\"og:image:type\" content=\"image\/png\" \/>\n<meta name=\"twitter:card\" content=\"summary_large_image\" \/>\n<meta name=\"twitter:label1\" content=\"Tempo estimado de leitura\" \/>\n\t<meta name=\"twitter:data1\" content=\"2 minutos\" \/>\n<script type=\"application\/ld+json\" class=\"yoast-schema-graph\">{\"@context\":\"https:\/\/schema.org\",\"@graph\":[{\"@type\":\"WebPage\",\"@id\":\"https:\/\/shopirbal.com\/pt\/produto\/saltitao-rtx70\/\",\"url\":\"https:\/\/shopirbal.com\/pt\/produto\/saltitao-rtx70\/\",\"name\":\"Saltit\u00e3o RTX70 - Irbal\",\"isPartOf\":{\"@id\":\"https:\/\/shopirbal.com\/pt\/#website\"},\"primaryImageOfPage\":{\"@id\":\"https:\/\/shopirbal.com\/pt\/produto\/saltitao-rtx70\/#primaryimage\"},\"image\":{\"@id\":\"https:\/\/shopirbal.com\/pt\/produto\/saltitao-rtx70\/#primaryimage\"},\"thumbnailUrl\":\"https:\/\/shopirbal.com\/pt\/wp-content\/uploads\/2022\/10\/57.png\",\"datePublished\":\"2022-11-16T11:03:14+00:00\",\"dateModified\":\"2026-03-19T10:02:53+00:00\",\"breadcrumb\":{\"@id\":\"https:\/\/shopirbal.com\/pt\/produto\/saltitao-rtx70\/#breadcrumb\"},\"inLanguage\":\"pt-PT\",\"potentialAction\":[{\"@type\":\"ReadAction\",\"target\":[\"https:\/\/shopirbal.com\/pt\/produto\/saltitao-rtx70\/\"]}]},{\"@type\":\"ImageObject\",\"inLanguage\":\"pt-PT\",\"@id\":\"https:\/\/shopirbal.com\/pt\/produto\/saltitao-rtx70\/#primaryimage\",\"url\":\"https:\/\/shopirbal.com\/pt\/wp-content\/uploads\/2022\/10\/57.png\",\"contentUrl\":\"https:\/\/shopirbal.com\/pt\/wp-content\/uploads\/2022\/10\/57.png\",\"width\":1010,\"height\":1240,\"caption\":\"RTX70\"},{\"@type\":\"BreadcrumbList\",\"@id\":\"https:\/\/shopirbal.com\/pt\/produto\/saltitao-rtx70\/#breadcrumb\",\"itemListElement\":[{\"@type\":\"ListItem\",\"position\":1,\"name\":\"In\u00edcio\",\"item\":\"https:\/\/shopirbal.com\/pt\/\"},{\"@type\":\"ListItem\",\"position\":2,\"name\":\"Shop\",\"item\":\"https:\/\/shopirbal.com\/pt\/shop\/\"},{\"@type\":\"ListItem\",\"position\":3,\"name\":\"Saltit\u00e3o RTX70\"}]},{\"@type\":\"WebSite\",\"@id\":\"https:\/\/shopirbal.com\/pt\/#website\",\"url\":\"https:\/\/shopirbal.com\/pt\/\",\"name\":\"Irbal\",\"description\":\"Cria\u00e7\u00e3o, desenvolvimento e fabrica\u00e7\u00e3o de maquinaria para a constru\u00e7\u00e3o\",\"publisher\":{\"@id\":\"https:\/\/shopirbal.com\/pt\/#organization\"},\"alternateName\":\"Shop Irbal\",\"potentialAction\":[{\"@type\":\"SearchAction\",\"target\":{\"@type\":\"EntryPoint\",\"urlTemplate\":\"https:\/\/shopirbal.com\/pt\/?s={search_term_string}\"},\"query-input\":{\"@type\":\"PropertyValueSpecification\",\"valueRequired\":true,\"valueName\":\"search_term_string\"}}],\"inLanguage\":\"pt-PT\"},{\"@type\":\"Organization\",\"@id\":\"https:\/\/shopirbal.com\/pt\/#organization\",\"name\":\"Irbal, S.A\",\"alternateName\":\"Shop Irbal\",\"url\":\"https:\/\/shopirbal.com\/pt\/\",\"logo\":{\"@type\":\"ImageObject\",\"inLanguage\":\"pt-PT\",\"@id\":\"https:\/\/shopirbal.com\/pt\/#\/schema\/logo\/image\/\",\"url\":\"https:\/\/shopirbal.com\/pt\/wp-content\/uploads\/2022\/04\/logotipo-para-site-02.png\",\"contentUrl\":\"https:\/\/shopirbal.com\/pt\/wp-content\/uploads\/2022\/04\/logotipo-para-site-02.png\",\"width\":6702,\"height\":2246,\"caption\":\"Irbal, S.A\"},\"image\":{\"@id\":\"https:\/\/shopirbal.com\/pt\/#\/schema\/logo\/image\/\"},\"sameAs\":[\"https:\/\/www.facebook.com\/IrbalSA\",\"https:\/\/www.instagram.com\/irbalsa\",\"https:\/\/www.linkedin.com\/company\/irbalsa\/\",\"https:\/\/www.youtube.com\/channel\/UCfu-aZp4yMfDLNK3H8tUTvQ\"]}]}<\/script>\n<!-- \/ Yoast SEO plugin. -->","yoast_head_json":{"title":"Saltit\u00e3o RTX70 - Irbal","robots":{"index":"index","follow":"follow","max-snippet":"max-snippet:-1","max-image-preview":"max-image-preview:large","max-video-preview":"max-video-preview:-1"},"canonical":"https:\/\/shopirbal.com\/pt\/produto\/saltitao-rtx70\/","og_locale":"pt_PT","og_type":"article","og_title":"Saltit\u00e3o RTX70 - Irbal","og_description":"SALTIT\u00c3O RTX70","og_url":"https:\/\/shopirbal.com\/pt\/produto\/saltitao-rtx70\/","og_site_name":"Irbal","article_publisher":"https:\/\/www.facebook.com\/IrbalSA","article_modified_time":"2026-03-19T10:02:53+00:00","og_image":[{"width":1010,"height":1240,"url":"https:\/\/shopirbal.com\/pt\/wp-content\/uploads\/2022\/10\/57.png","type":"image\/png"}],"twitter_card":"summary_large_image","twitter_misc":{"Tempo estimado de leitura":"2 minutos"},"schema":{"@context":"https:\/\/schema.org","@graph":[{"@type":"WebPage","@id":"https:\/\/shopirbal.com\/pt\/produto\/saltitao-rtx70\/","url":"https:\/\/shopirbal.com\/pt\/produto\/saltitao-rtx70\/","name":"Saltit\u00e3o RTX70 - Irbal","isPartOf":{"@id":"https:\/\/shopirbal.com\/pt\/#website"},"primaryImageOfPage":{"@id":"https:\/\/shopirbal.com\/pt\/produto\/saltitao-rtx70\/#primaryimage"},"image":{"@id":"https:\/\/shopirbal.com\/pt\/produto\/saltitao-rtx70\/#primaryimage"},"thumbnailUrl":"https:\/\/shopirbal.com\/pt\/wp-content\/uploads\/2022\/10\/57.png","datePublished":"2022-11-16T11:03:14+00:00","dateModified":"2026-03-19T10:02:53+00:00","breadcrumb":{"@id":"https:\/\/shopirbal.com\/pt\/produto\/saltitao-rtx70\/#breadcrumb"},"inLanguage":"pt-PT","potentialAction":[{"@type":"ReadAction","target":["https:\/\/shopirbal.com\/pt\/produto\/saltitao-rtx70\/"]}]},{"@type":"ImageObject","inLanguage":"pt-PT","@id":"https:\/\/shopirbal.com\/pt\/produto\/saltitao-rtx70\/#primaryimage","url":"https:\/\/shopirbal.com\/pt\/wp-content\/uploads\/2022\/10\/57.png","contentUrl":"https:\/\/shopirbal.com\/pt\/wp-content\/uploads\/2022\/10\/57.png","width":1010,"height":1240,"caption":"RTX70"},{"@type":"BreadcrumbList","@id":"https:\/\/shopirbal.com\/pt\/produto\/saltitao-rtx70\/#breadcrumb","itemListElement":[{"@type":"ListItem","position":1,"name":"In\u00edcio","item":"https:\/\/shopirbal.com\/pt\/"},{"@type":"ListItem","position":2,"name":"Shop","item":"https:\/\/shopirbal.com\/pt\/shop\/"},{"@type":"ListItem","position":3,"name":"Saltit\u00e3o RTX70"}]},{"@type":"WebSite","@id":"https:\/\/shopirbal.com\/pt\/#website","url":"https:\/\/shopirbal.com\/pt\/","name":"Irbal","description":"Cria\u00e7\u00e3o, desenvolvimento e fabrica\u00e7\u00e3o de maquinaria para a constru\u00e7\u00e3o","publisher":{"@id":"https:\/\/shopirbal.com\/pt\/#organization"},"alternateName":"Shop Irbal","potentialAction":[{"@type":"SearchAction","target":{"@type":"EntryPoint","urlTemplate":"https:\/\/shopirbal.com\/pt\/?s={search_term_string}"},"query-input":{"@type":"PropertyValueSpecification","valueRequired":true,"valueName":"search_term_string"}}],"inLanguage":"pt-PT"},{"@type":"Organization","@id":"https:\/\/shopirbal.com\/pt\/#organization","name":"Irbal, S.A","alternateName":"Shop Irbal","url":"https:\/\/shopirbal.com\/pt\/","logo":{"@type":"ImageObject","inLanguage":"pt-PT","@id":"https:\/\/shopirbal.com\/pt\/#\/schema\/logo\/image\/","url":"https:\/\/shopirbal.com\/pt\/wp-content\/uploads\/2022\/04\/logotipo-para-site-02.png","contentUrl":"https:\/\/shopirbal.com\/pt\/wp-content\/uploads\/2022\/04\/logotipo-para-site-02.png","width":6702,"height":2246,"caption":"Irbal, S.A"},"image":{"@id":"https:\/\/shopirbal.com\/pt\/#\/schema\/logo\/image\/"},"sameAs":["https:\/\/www.facebook.com\/IrbalSA","https:\/\/www.instagram.com\/irbalsa","https:\/\/www.linkedin.com\/company\/irbalsa\/","https:\/\/www.youtube.com\/channel\/UCfu-aZp4yMfDLNK3H8tUTvQ"]}]}},"_links":{"self":[{"href":"https:\/\/shopirbal.com\/pt\/wp-json\/wp\/v2\/product\/1674","targetHints":{"allow":["GET"]}}],"collection":[{"href":"https:\/\/shopirbal.com\/pt\/wp-json\/wp\/v2\/product"}],"about":[{"href":"https:\/\/shopirbal.com\/pt\/wp-json\/wp\/v2\/types\/product"}],"replies":[{"embeddable":true,"href":"https:\/\/shopirbal.com\/pt\/wp-json\/wp\/v2\/comments?post=1674"}],"wp:featuredmedia":[{"embeddable":true,"href":"https:\/\/shopirbal.com\/pt\/wp-json\/wp\/v2\/media\/1675"}],"wp:attachment":[{"href":"https:\/\/shopirbal.com\/pt\/wp-json\/wp\/v2\/media?parent=1674"}],"wp:term":[{"taxonomy":"product_brand","embeddable":true,"href":"https:\/\/shopirbal.com\/pt\/wp-json\/wp\/v2\/product_brand?post=1674"},{"taxonomy":"product_cat","embeddable":true,"href":"https:\/\/shopirbal.com\/pt\/wp-json\/wp\/v2\/product_cat?post=1674"},{"taxonomy":"product_tag","embeddable":true,"href":"https:\/\/shopirbal.com\/pt\/wp-json\/wp\/v2\/product_tag?post=1674"}],"curies":[{"name":"wp","href":"https:\/\/api.w.org\/{rel}","templated":true}]}}