{"id":1725,"date":"2022-10-17T16:35:35","date_gmt":"2022-10-17T16:35:35","guid":{"rendered":"https:\/\/shopirbal.com\/pt\/?post_type=product&#038;p=1725"},"modified":"2023-03-09T17:55:48","modified_gmt":"2023-03-09T17:55:48","slug":"fossa-estanque-vertical-subterraneo-1500-l","status":"publish","type":"product","link":"https:\/\/shopirbal.com\/pt\/produto\/fossa-estanque-vertical-subterraneo-1500-l\/","title":{"rendered":"Fossa Estanque Vertical Subterr\u00e2neo 1500 L"},"content":{"rendered":"<p><span class=\"JsGRdQ\">As fossas estanques s\u00e3o equipamentos estanques, fabricados em polietileno linear com a finalidade de armazenamento de \u00e1guas residuais dom\u00e9sticas ou similares, quando se verifica a impossibilidade de liga\u00e7\u00e1o \u00e0 rede de esgotos municipal.<\/span><\/p>\n<p class=\"_04xlpA direction-ltr align-start para-style-body\"><strong><span class=\"JsGRdQ\">MATERIAL:\u00a0<\/span><\/strong><span class=\"JsGRdQ\">Polietileno linear com prote\u00e7\u00e3o U.V<\/span><\/p>\n<p class=\"_04xlpA direction-ltr align-start para-style-body\"><strong><span class=\"JsGRdQ\">CARACTER\u00cdSTICAS:<\/span><\/strong><\/p>\n<ul>\n<li><span class=\"JsGRdQ\">Subterr\u00e2neo<\/span><\/li>\n<li><span class=\"JsGRdQ\">Recicl\u00e1vel<\/span><\/li>\n<li><span class=\"JsGRdQ\">Protege contra a corros\u00e3o<\/span><\/li>\n<li><span class=\"JsGRdQ\">Estanquicidade total<\/span><\/li>\n<li><span class=\"JsGRdQ\">Alta resist\u00eancia ao clima e \u00e0s intemp\u00e9ries<\/span><\/li>\n<li><span class=\"JsGRdQ\">N\u00e3o requer consumo energ\u00e9tico<\/span><\/li>\n<li><span class=\"JsGRdQ\">F\u00e1cil instala\u00e7\u00e3o e manuten\u00e7\u00e3o<\/span><\/li>\n<\/ul>\n<p class=\"_04xlpA direction-ltr align-start para-style-body\"><span class=\"JsGRdQ\"><strong>COR STANDARD:<\/strong>\u00a0<\/span><span class=\"JsGRdQ\">Preto (RAL 9005)<\/span><\/p>\n<p><strong><span class=\"JsGRdQ\">NORMA:<\/span><\/strong> <span class=\"JsGRdQ\">EN 12566-1<\/span><\/p>\n<p>&nbsp;<\/p>\n<p>REF: MC.AMBI2100<\/p>\n<p>Marca: IRBAL<\/p>\n<p>&nbsp;<\/p>\n<p><strong>PRE\u00c7O SOB CONSULTA<\/strong><\/p>\n<p>&nbsp;<\/p>\n","protected":false},"excerpt":{"rendered":"<p>FOSSA ESTANQUE VERTICAL SUBTERR\u00c2NEO 1500 L<\/p>\n","protected":false},"featured_media":1726,"comment_status":"open","ping_status":"closed","template":"","meta":[],"product_brand":[],"product_cat":[383,384],"product_tag":[],"class_list":{"0":"post-1725","1":"product","2":"type-product","3":"status-publish","4":"has-post-thumbnail","6":"product_cat-fossas-reservatorios","7":"product_cat-fossa-estanque","9":"first","10":"outofstock","11":"taxable","12":"shipping-taxable","13":"product-type-simple"},"yoast_head":"<!-- This site is optimized with the Yoast SEO plugin v24.4 - https:\/\/yoast.com\/wordpress\/plugins\/seo\/ -->\n<title>Fossa Estanque Vertical Subterr\u00e2neo 1500 L - Irbal<\/title>\n<meta name=\"robots\" content=\"index, follow, max-snippet:-1, max-image-preview:large, max-video-preview:-1\" \/>\n<link rel=\"canonical\" href=\"https:\/\/shopirbal.com\/pt\/produto\/fossa-estanque-vertical-subterraneo-1500-l\/\" \/>\n<meta property=\"og:locale\" content=\"pt_PT\" \/>\n<meta property=\"og:type\" content=\"article\" \/>\n<meta property=\"og:title\" content=\"Fossa Estanque Vertical Subterr\u00e2neo 1500 L - Irbal\" \/>\n<meta property=\"og:description\" content=\"FOSSA ESTANQUE VERTICAL SUBTERR\u00c2NEO 1500 L\" \/>\n<meta property=\"og:url\" content=\"https:\/\/shopirbal.com\/pt\/produto\/fossa-estanque-vertical-subterraneo-1500-l\/\" \/>\n<meta property=\"og:site_name\" content=\"Irbal\" \/>\n<meta property=\"article:publisher\" content=\"https:\/\/www.facebook.com\/IrbalSA\" \/>\n<meta property=\"article:modified_time\" content=\"2023-03-09T17:55:48+00:00\" \/>\n<meta property=\"og:image\" content=\"http:\/\/shopirbal.com\/pt\/wp-content\/uploads\/2022\/10\/FOSSA-ESTANQUE.png\" \/>\n\t<meta property=\"og:image:width\" content=\"1010\" \/>\n\t<meta property=\"og:image:height\" content=\"1240\" \/>\n\t<meta property=\"og:image:type\" content=\"image\/png\" \/>\n<meta name=\"twitter:card\" content=\"summary_large_image\" \/>\n<meta name=\"twitter:label1\" content=\"Tempo estimado de leitura\" \/>\n\t<meta name=\"twitter:data1\" content=\"1 minuto\" \/>\n<script type=\"application\/ld+json\" class=\"yoast-schema-graph\">{\"@context\":\"https:\/\/schema.org\",\"@graph\":[{\"@type\":\"WebPage\",\"@id\":\"https:\/\/shopirbal.com\/pt\/produto\/fossa-estanque-vertical-subterraneo-1500-l\/\",\"url\":\"https:\/\/shopirbal.com\/pt\/produto\/fossa-estanque-vertical-subterraneo-1500-l\/\",\"name\":\"Fossa Estanque Vertical Subterr\u00e2neo 1500 L - Irbal\",\"isPartOf\":{\"@id\":\"https:\/\/shopirbal.com\/pt\/#website\"},\"primaryImageOfPage\":{\"@id\":\"https:\/\/shopirbal.com\/pt\/produto\/fossa-estanque-vertical-subterraneo-1500-l\/#primaryimage\"},\"image\":{\"@id\":\"https:\/\/shopirbal.com\/pt\/produto\/fossa-estanque-vertical-subterraneo-1500-l\/#primaryimage\"},\"thumbnailUrl\":\"https:\/\/shopirbal.com\/pt\/wp-content\/uploads\/2022\/10\/FOSSA-ESTANQUE.png\",\"datePublished\":\"2022-10-17T16:35:35+00:00\",\"dateModified\":\"2023-03-09T17:55:48+00:00\",\"breadcrumb\":{\"@id\":\"https:\/\/shopirbal.com\/pt\/produto\/fossa-estanque-vertical-subterraneo-1500-l\/#breadcrumb\"},\"inLanguage\":\"pt-PT\",\"potentialAction\":[{\"@type\":\"ReadAction\",\"target\":[\"https:\/\/shopirbal.com\/pt\/produto\/fossa-estanque-vertical-subterraneo-1500-l\/\"]}]},{\"@type\":\"ImageObject\",\"inLanguage\":\"pt-PT\",\"@id\":\"https:\/\/shopirbal.com\/pt\/produto\/fossa-estanque-vertical-subterraneo-1500-l\/#primaryimage\",\"url\":\"https:\/\/shopirbal.com\/pt\/wp-content\/uploads\/2022\/10\/FOSSA-ESTANQUE.png\",\"contentUrl\":\"https:\/\/shopirbal.com\/pt\/wp-content\/uploads\/2022\/10\/FOSSA-ESTANQUE.png\",\"width\":1010,\"height\":1240},{\"@type\":\"BreadcrumbList\",\"@id\":\"https:\/\/shopirbal.com\/pt\/produto\/fossa-estanque-vertical-subterraneo-1500-l\/#breadcrumb\",\"itemListElement\":[{\"@type\":\"ListItem\",\"position\":1,\"name\":\"In\u00edcio\",\"item\":\"https:\/\/shopirbal.com\/pt\/\"},{\"@type\":\"ListItem\",\"position\":2,\"name\":\"Shop\",\"item\":\"https:\/\/shopirbal.com\/pt\/shop\/\"},{\"@type\":\"ListItem\",\"position\":3,\"name\":\"Fossa Estanque Vertical Subterr\u00e2neo 1500 L\"}]},{\"@type\":\"WebSite\",\"@id\":\"https:\/\/shopirbal.com\/pt\/#website\",\"url\":\"https:\/\/shopirbal.com\/pt\/\",\"name\":\"Irbal\",\"description\":\"Cria\u00e7\u00e3o, desenvolvimento e fabrica\u00e7\u00e3o de maquinaria para a constru\u00e7\u00e3o\",\"publisher\":{\"@id\":\"https:\/\/shopirbal.com\/pt\/#organization\"},\"alternateName\":\"Shop Irbal\",\"potentialAction\":[{\"@type\":\"SearchAction\",\"target\":{\"@type\":\"EntryPoint\",\"urlTemplate\":\"https:\/\/shopirbal.com\/pt\/?s={search_term_string}\"},\"query-input\":{\"@type\":\"PropertyValueSpecification\",\"valueRequired\":true,\"valueName\":\"search_term_string\"}}],\"inLanguage\":\"pt-PT\"},{\"@type\":\"Organization\",\"@id\":\"https:\/\/shopirbal.com\/pt\/#organization\",\"name\":\"Irbal, S.A\",\"alternateName\":\"Shop Irbal\",\"url\":\"https:\/\/shopirbal.com\/pt\/\",\"logo\":{\"@type\":\"ImageObject\",\"inLanguage\":\"pt-PT\",\"@id\":\"https:\/\/shopirbal.com\/pt\/#\/schema\/logo\/image\/\",\"url\":\"https:\/\/shopirbal.com\/pt\/wp-content\/uploads\/2022\/04\/logotipo-para-site-02.png\",\"contentUrl\":\"https:\/\/shopirbal.com\/pt\/wp-content\/uploads\/2022\/04\/logotipo-para-site-02.png\",\"width\":6702,\"height\":2246,\"caption\":\"Irbal, S.A\"},\"image\":{\"@id\":\"https:\/\/shopirbal.com\/pt\/#\/schema\/logo\/image\/\"},\"sameAs\":[\"https:\/\/www.facebook.com\/IrbalSA\",\"https:\/\/www.instagram.com\/irbalsa\",\"https:\/\/www.linkedin.com\/company\/irbalsa\/\",\"https:\/\/www.youtube.com\/channel\/UCfu-aZp4yMfDLNK3H8tUTvQ\"]}]}<\/script>\n<!-- \/ Yoast SEO plugin. -->","yoast_head_json":{"title":"Fossa Estanque Vertical Subterr\u00e2neo 1500 L - Irbal","robots":{"index":"index","follow":"follow","max-snippet":"max-snippet:-1","max-image-preview":"max-image-preview:large","max-video-preview":"max-video-preview:-1"},"canonical":"https:\/\/shopirbal.com\/pt\/produto\/fossa-estanque-vertical-subterraneo-1500-l\/","og_locale":"pt_PT","og_type":"article","og_title":"Fossa Estanque Vertical Subterr\u00e2neo 1500 L - Irbal","og_description":"FOSSA ESTANQUE VERTICAL SUBTERR\u00c2NEO 1500 L","og_url":"https:\/\/shopirbal.com\/pt\/produto\/fossa-estanque-vertical-subterraneo-1500-l\/","og_site_name":"Irbal","article_publisher":"https:\/\/www.facebook.com\/IrbalSA","article_modified_time":"2023-03-09T17:55:48+00:00","og_image":[{"width":1010,"height":1240,"url":"http:\/\/shopirbal.com\/pt\/wp-content\/uploads\/2022\/10\/FOSSA-ESTANQUE.png","type":"image\/png"}],"twitter_card":"summary_large_image","twitter_misc":{"Tempo estimado de leitura":"1 minuto"},"schema":{"@context":"https:\/\/schema.org","@graph":[{"@type":"WebPage","@id":"https:\/\/shopirbal.com\/pt\/produto\/fossa-estanque-vertical-subterraneo-1500-l\/","url":"https:\/\/shopirbal.com\/pt\/produto\/fossa-estanque-vertical-subterraneo-1500-l\/","name":"Fossa Estanque Vertical Subterr\u00e2neo 1500 L - Irbal","isPartOf":{"@id":"https:\/\/shopirbal.com\/pt\/#website"},"primaryImageOfPage":{"@id":"https:\/\/shopirbal.com\/pt\/produto\/fossa-estanque-vertical-subterraneo-1500-l\/#primaryimage"},"image":{"@id":"https:\/\/shopirbal.com\/pt\/produto\/fossa-estanque-vertical-subterraneo-1500-l\/#primaryimage"},"thumbnailUrl":"https:\/\/shopirbal.com\/pt\/wp-content\/uploads\/2022\/10\/FOSSA-ESTANQUE.png","datePublished":"2022-10-17T16:35:35+00:00","dateModified":"2023-03-09T17:55:48+00:00","breadcrumb":{"@id":"https:\/\/shopirbal.com\/pt\/produto\/fossa-estanque-vertical-subterraneo-1500-l\/#breadcrumb"},"inLanguage":"pt-PT","potentialAction":[{"@type":"ReadAction","target":["https:\/\/shopirbal.com\/pt\/produto\/fossa-estanque-vertical-subterraneo-1500-l\/"]}]},{"@type":"ImageObject","inLanguage":"pt-PT","@id":"https:\/\/shopirbal.com\/pt\/produto\/fossa-estanque-vertical-subterraneo-1500-l\/#primaryimage","url":"https:\/\/shopirbal.com\/pt\/wp-content\/uploads\/2022\/10\/FOSSA-ESTANQUE.png","contentUrl":"https:\/\/shopirbal.com\/pt\/wp-content\/uploads\/2022\/10\/FOSSA-ESTANQUE.png","width":1010,"height":1240},{"@type":"BreadcrumbList","@id":"https:\/\/shopirbal.com\/pt\/produto\/fossa-estanque-vertical-subterraneo-1500-l\/#breadcrumb","itemListElement":[{"@type":"ListItem","position":1,"name":"In\u00edcio","item":"https:\/\/shopirbal.com\/pt\/"},{"@type":"ListItem","position":2,"name":"Shop","item":"https:\/\/shopirbal.com\/pt\/shop\/"},{"@type":"ListItem","position":3,"name":"Fossa Estanque Vertical Subterr\u00e2neo 1500 L"}]},{"@type":"WebSite","@id":"https:\/\/shopirbal.com\/pt\/#website","url":"https:\/\/shopirbal.com\/pt\/","name":"Irbal","description":"Cria\u00e7\u00e3o, desenvolvimento e fabrica\u00e7\u00e3o de maquinaria para a constru\u00e7\u00e3o","publisher":{"@id":"https:\/\/shopirbal.com\/pt\/#organization"},"alternateName":"Shop Irbal","potentialAction":[{"@type":"SearchAction","target":{"@type":"EntryPoint","urlTemplate":"https:\/\/shopirbal.com\/pt\/?s={search_term_string}"},"query-input":{"@type":"PropertyValueSpecification","valueRequired":true,"valueName":"search_term_string"}}],"inLanguage":"pt-PT"},{"@type":"Organization","@id":"https:\/\/shopirbal.com\/pt\/#organization","name":"Irbal, S.A","alternateName":"Shop Irbal","url":"https:\/\/shopirbal.com\/pt\/","logo":{"@type":"ImageObject","inLanguage":"pt-PT","@id":"https:\/\/shopirbal.com\/pt\/#\/schema\/logo\/image\/","url":"https:\/\/shopirbal.com\/pt\/wp-content\/uploads\/2022\/04\/logotipo-para-site-02.png","contentUrl":"https:\/\/shopirbal.com\/pt\/wp-content\/uploads\/2022\/04\/logotipo-para-site-02.png","width":6702,"height":2246,"caption":"Irbal, S.A"},"image":{"@id":"https:\/\/shopirbal.com\/pt\/#\/schema\/logo\/image\/"},"sameAs":["https:\/\/www.facebook.com\/IrbalSA","https:\/\/www.instagram.com\/irbalsa","https:\/\/www.linkedin.com\/company\/irbalsa\/","https:\/\/www.youtube.com\/channel\/UCfu-aZp4yMfDLNK3H8tUTvQ"]}]}},"_links":{"self":[{"href":"https:\/\/shopirbal.com\/pt\/wp-json\/wp\/v2\/product\/1725","targetHints":{"allow":["GET"]}}],"collection":[{"href":"https:\/\/shopirbal.com\/pt\/wp-json\/wp\/v2\/product"}],"about":[{"href":"https:\/\/shopirbal.com\/pt\/wp-json\/wp\/v2\/types\/product"}],"replies":[{"embeddable":true,"href":"https:\/\/shopirbal.com\/pt\/wp-json\/wp\/v2\/comments?post=1725"}],"wp:featuredmedia":[{"embeddable":true,"href":"https:\/\/shopirbal.com\/pt\/wp-json\/wp\/v2\/media\/1726"}],"wp:attachment":[{"href":"https:\/\/shopirbal.com\/pt\/wp-json\/wp\/v2\/media?parent=1725"}],"wp:term":[{"taxonomy":"product_brand","embeddable":true,"href":"https:\/\/shopirbal.com\/pt\/wp-json\/wp\/v2\/product_brand?post=1725"},{"taxonomy":"product_cat","embeddable":true,"href":"https:\/\/shopirbal.com\/pt\/wp-json\/wp\/v2\/product_cat?post=1725"},{"taxonomy":"product_tag","embeddable":true,"href":"https:\/\/shopirbal.com\/pt\/wp-json\/wp\/v2\/product_tag?post=1725"}],"curies":[{"name":"wp","href":"https:\/\/api.w.org\/{rel}","templated":true}]}}