{"id":2438,"date":"2022-12-07T14:22:52","date_gmt":"2022-12-07T14:22:52","guid":{"rendered":"https:\/\/shopirbal.com\/pt\/?post_type=product&#038;p=2438"},"modified":"2023-06-05T16:27:53","modified_gmt":"2023-06-05T16:27:53","slug":"sapato-de-seguranca-altrad-basic-s3-en345-44-2","status":"publish","type":"product","link":"https:\/\/shopirbal.com\/pt\/produto\/sapato-de-seguranca-altrad-basic-s3-en345-44-2\/","title":{"rendered":"Sapato de Seguran\u00e7a ALTRAD Basic++ S3 \u2013 EN345 &#8211; #44"},"content":{"rendered":"<p>Sapato de seguran\u00e7a Altrad Basic S3++ EN345<br \/>\nEN ISO 20345:2011<\/p>\n<p>Palmilha: Textil anti-perfura\u00e7\u00e3o. Ligeira, flex\u00edvel e anti-magn\u00e9tica.<br \/>\nParte superior: S3 Repelante de \u00e1gua, fabricada em malha e camur\u00e7a.<br \/>\nBiqueira: Fibra de vidro. Livre de metal e ligeira.<br \/>\nSola: PU Bi-Densidade + SRC<br \/>\nPalmilha: 200gr Malha 100% poliester 3mm\/6mm E.V.A.<br \/>\nSola externa: Antiderrapante em superf\u00edcies lisas e rugosas. Antiest\u00e1tica.<br \/>\nForro: Resistente e transpir\u00e1vel. Inclui anti-abrasivo.<br \/>\nInclui 2 pares de atacadores.<\/p>\n<p><strong>Para quantidades superiores a 1 par, solicitar cota\u00e7\u00e3o relativo ao transporte para que seja ajustado ao n\u00famero de pares da encomenda.<\/strong><\/p>\n<p>Tamanho: 44<\/p>\n<p>&nbsp;<\/p>\n<p>Ref: MC.API.SH00244<br \/>\nMarca: ALTRAD<\/p>\n","protected":false},"excerpt":{"rendered":"<p>SAPATO SEGURAN\u00c7A ALTRAD BASIC S3++ \u2013 EN345 &#8211; #44<\/p>\n","protected":false},"featured_media":2429,"comment_status":"open","ping_status":"closed","template":"","meta":[],"product_brand":[],"product_cat":[475,476],"product_tag":[],"class_list":{"0":"post-2438","1":"product","2":"type-product","3":"status-publish","4":"has-post-thumbnail","6":"product_cat-calcado-seguranca","7":"product_cat-sapato-seguranca-altrad","8":"product_shipping_class-ate-10kg","10":"first","11":"instock","12":"taxable","13":"shipping-taxable","14":"purchasable","15":"product-type-simple"},"yoast_head":"<!-- This site is optimized with the Yoast SEO plugin v24.4 - https:\/\/yoast.com\/wordpress\/plugins\/seo\/ -->\n<title>Sapato de Seguran\u00e7a ALTRAD Basic++ S3 \u2013 EN345 - #44 - Irbal<\/title>\n<meta name=\"robots\" content=\"index, follow, max-snippet:-1, max-image-preview:large, max-video-preview:-1\" \/>\n<link rel=\"canonical\" href=\"https:\/\/shopirbal.com\/pt\/produto\/sapato-de-seguranca-altrad-basic-s3-en345-44-2\/\" \/>\n<meta property=\"og:locale\" content=\"pt_PT\" \/>\n<meta property=\"og:type\" content=\"article\" \/>\n<meta property=\"og:title\" content=\"Sapato de Seguran\u00e7a ALTRAD Basic++ S3 \u2013 EN345 - #44 - Irbal\" \/>\n<meta property=\"og:description\" content=\"SAPATO SEGURAN\u00c7A ALTRAD BASIC S3++ \u2013 EN345 - #44\" \/>\n<meta property=\"og:url\" content=\"https:\/\/shopirbal.com\/pt\/produto\/sapato-de-seguranca-altrad-basic-s3-en345-44-2\/\" \/>\n<meta property=\"og:site_name\" content=\"Irbal\" \/>\n<meta property=\"article:publisher\" content=\"https:\/\/www.facebook.com\/IrbalSA\" \/>\n<meta property=\"article:modified_time\" content=\"2023-06-05T16:27:53+00:00\" \/>\n<meta property=\"og:image\" content=\"http:\/\/shopirbal.com\/pt\/wp-content\/uploads\/2022\/12\/Basic-S3.png\" \/>\n\t<meta property=\"og:image:width\" content=\"1010\" \/>\n\t<meta property=\"og:image:height\" content=\"1240\" \/>\n\t<meta property=\"og:image:type\" content=\"image\/png\" \/>\n<meta name=\"twitter:card\" content=\"summary_large_image\" \/>\n<meta name=\"twitter:label1\" content=\"Tempo estimado de leitura\" \/>\n\t<meta name=\"twitter:data1\" content=\"1 minuto\" \/>\n<script type=\"application\/ld+json\" class=\"yoast-schema-graph\">{\"@context\":\"https:\/\/schema.org\",\"@graph\":[{\"@type\":\"WebPage\",\"@id\":\"https:\/\/shopirbal.com\/pt\/produto\/sapato-de-seguranca-altrad-basic-s3-en345-44-2\/\",\"url\":\"https:\/\/shopirbal.com\/pt\/produto\/sapato-de-seguranca-altrad-basic-s3-en345-44-2\/\",\"name\":\"Sapato de Seguran\u00e7a ALTRAD Basic++ S3 \u2013 EN345 - #44 - Irbal\",\"isPartOf\":{\"@id\":\"https:\/\/shopirbal.com\/pt\/#website\"},\"primaryImageOfPage\":{\"@id\":\"https:\/\/shopirbal.com\/pt\/produto\/sapato-de-seguranca-altrad-basic-s3-en345-44-2\/#primaryimage\"},\"image\":{\"@id\":\"https:\/\/shopirbal.com\/pt\/produto\/sapato-de-seguranca-altrad-basic-s3-en345-44-2\/#primaryimage\"},\"thumbnailUrl\":\"https:\/\/shopirbal.com\/pt\/wp-content\/uploads\/2022\/12\/Basic-S3.png\",\"datePublished\":\"2022-12-07T14:22:52+00:00\",\"dateModified\":\"2023-06-05T16:27:53+00:00\",\"breadcrumb\":{\"@id\":\"https:\/\/shopirbal.com\/pt\/produto\/sapato-de-seguranca-altrad-basic-s3-en345-44-2\/#breadcrumb\"},\"inLanguage\":\"pt-PT\",\"potentialAction\":[{\"@type\":\"ReadAction\",\"target\":[\"https:\/\/shopirbal.com\/pt\/produto\/sapato-de-seguranca-altrad-basic-s3-en345-44-2\/\"]}]},{\"@type\":\"ImageObject\",\"inLanguage\":\"pt-PT\",\"@id\":\"https:\/\/shopirbal.com\/pt\/produto\/sapato-de-seguranca-altrad-basic-s3-en345-44-2\/#primaryimage\",\"url\":\"https:\/\/shopirbal.com\/pt\/wp-content\/uploads\/2022\/12\/Basic-S3.png\",\"contentUrl\":\"https:\/\/shopirbal.com\/pt\/wp-content\/uploads\/2022\/12\/Basic-S3.png\",\"width\":1010,\"height\":1240},{\"@type\":\"BreadcrumbList\",\"@id\":\"https:\/\/shopirbal.com\/pt\/produto\/sapato-de-seguranca-altrad-basic-s3-en345-44-2\/#breadcrumb\",\"itemListElement\":[{\"@type\":\"ListItem\",\"position\":1,\"name\":\"In\u00edcio\",\"item\":\"https:\/\/shopirbal.com\/pt\/\"},{\"@type\":\"ListItem\",\"position\":2,\"name\":\"Shop\",\"item\":\"https:\/\/shopirbal.com\/pt\/shop\/\"},{\"@type\":\"ListItem\",\"position\":3,\"name\":\"Sapato de Seguran\u00e7a ALTRAD Basic++ S3 \u2013 EN345 &#8211; #44\"}]},{\"@type\":\"WebSite\",\"@id\":\"https:\/\/shopirbal.com\/pt\/#website\",\"url\":\"https:\/\/shopirbal.com\/pt\/\",\"name\":\"Irbal\",\"description\":\"Cria\u00e7\u00e3o, desenvolvimento e fabrica\u00e7\u00e3o de maquinaria para a constru\u00e7\u00e3o\",\"publisher\":{\"@id\":\"https:\/\/shopirbal.com\/pt\/#organization\"},\"alternateName\":\"Shop Irbal\",\"potentialAction\":[{\"@type\":\"SearchAction\",\"target\":{\"@type\":\"EntryPoint\",\"urlTemplate\":\"https:\/\/shopirbal.com\/pt\/?s={search_term_string}\"},\"query-input\":{\"@type\":\"PropertyValueSpecification\",\"valueRequired\":true,\"valueName\":\"search_term_string\"}}],\"inLanguage\":\"pt-PT\"},{\"@type\":\"Organization\",\"@id\":\"https:\/\/shopirbal.com\/pt\/#organization\",\"name\":\"Irbal, S.A\",\"alternateName\":\"Shop Irbal\",\"url\":\"https:\/\/shopirbal.com\/pt\/\",\"logo\":{\"@type\":\"ImageObject\",\"inLanguage\":\"pt-PT\",\"@id\":\"https:\/\/shopirbal.com\/pt\/#\/schema\/logo\/image\/\",\"url\":\"https:\/\/shopirbal.com\/pt\/wp-content\/uploads\/2022\/04\/logotipo-para-site-02.png\",\"contentUrl\":\"https:\/\/shopirbal.com\/pt\/wp-content\/uploads\/2022\/04\/logotipo-para-site-02.png\",\"width\":6702,\"height\":2246,\"caption\":\"Irbal, S.A\"},\"image\":{\"@id\":\"https:\/\/shopirbal.com\/pt\/#\/schema\/logo\/image\/\"},\"sameAs\":[\"https:\/\/www.facebook.com\/IrbalSA\",\"https:\/\/www.instagram.com\/irbalsa\",\"https:\/\/www.linkedin.com\/company\/irbalsa\/\",\"https:\/\/www.youtube.com\/channel\/UCfu-aZp4yMfDLNK3H8tUTvQ\"]}]}<\/script>\n<!-- \/ Yoast SEO plugin. -->","yoast_head_json":{"title":"Sapato de Seguran\u00e7a ALTRAD Basic++ S3 \u2013 EN345 - #44 - Irbal","robots":{"index":"index","follow":"follow","max-snippet":"max-snippet:-1","max-image-preview":"max-image-preview:large","max-video-preview":"max-video-preview:-1"},"canonical":"https:\/\/shopirbal.com\/pt\/produto\/sapato-de-seguranca-altrad-basic-s3-en345-44-2\/","og_locale":"pt_PT","og_type":"article","og_title":"Sapato de Seguran\u00e7a ALTRAD Basic++ S3 \u2013 EN345 - #44 - Irbal","og_description":"SAPATO SEGURAN\u00c7A ALTRAD BASIC S3++ \u2013 EN345 - #44","og_url":"https:\/\/shopirbal.com\/pt\/produto\/sapato-de-seguranca-altrad-basic-s3-en345-44-2\/","og_site_name":"Irbal","article_publisher":"https:\/\/www.facebook.com\/IrbalSA","article_modified_time":"2023-06-05T16:27:53+00:00","og_image":[{"width":1010,"height":1240,"url":"http:\/\/shopirbal.com\/pt\/wp-content\/uploads\/2022\/12\/Basic-S3.png","type":"image\/png"}],"twitter_card":"summary_large_image","twitter_misc":{"Tempo estimado de leitura":"1 minuto"},"schema":{"@context":"https:\/\/schema.org","@graph":[{"@type":"WebPage","@id":"https:\/\/shopirbal.com\/pt\/produto\/sapato-de-seguranca-altrad-basic-s3-en345-44-2\/","url":"https:\/\/shopirbal.com\/pt\/produto\/sapato-de-seguranca-altrad-basic-s3-en345-44-2\/","name":"Sapato de Seguran\u00e7a ALTRAD Basic++ S3 \u2013 EN345 - #44 - Irbal","isPartOf":{"@id":"https:\/\/shopirbal.com\/pt\/#website"},"primaryImageOfPage":{"@id":"https:\/\/shopirbal.com\/pt\/produto\/sapato-de-seguranca-altrad-basic-s3-en345-44-2\/#primaryimage"},"image":{"@id":"https:\/\/shopirbal.com\/pt\/produto\/sapato-de-seguranca-altrad-basic-s3-en345-44-2\/#primaryimage"},"thumbnailUrl":"https:\/\/shopirbal.com\/pt\/wp-content\/uploads\/2022\/12\/Basic-S3.png","datePublished":"2022-12-07T14:22:52+00:00","dateModified":"2023-06-05T16:27:53+00:00","breadcrumb":{"@id":"https:\/\/shopirbal.com\/pt\/produto\/sapato-de-seguranca-altrad-basic-s3-en345-44-2\/#breadcrumb"},"inLanguage":"pt-PT","potentialAction":[{"@type":"ReadAction","target":["https:\/\/shopirbal.com\/pt\/produto\/sapato-de-seguranca-altrad-basic-s3-en345-44-2\/"]}]},{"@type":"ImageObject","inLanguage":"pt-PT","@id":"https:\/\/shopirbal.com\/pt\/produto\/sapato-de-seguranca-altrad-basic-s3-en345-44-2\/#primaryimage","url":"https:\/\/shopirbal.com\/pt\/wp-content\/uploads\/2022\/12\/Basic-S3.png","contentUrl":"https:\/\/shopirbal.com\/pt\/wp-content\/uploads\/2022\/12\/Basic-S3.png","width":1010,"height":1240},{"@type":"BreadcrumbList","@id":"https:\/\/shopirbal.com\/pt\/produto\/sapato-de-seguranca-altrad-basic-s3-en345-44-2\/#breadcrumb","itemListElement":[{"@type":"ListItem","position":1,"name":"In\u00edcio","item":"https:\/\/shopirbal.com\/pt\/"},{"@type":"ListItem","position":2,"name":"Shop","item":"https:\/\/shopirbal.com\/pt\/shop\/"},{"@type":"ListItem","position":3,"name":"Sapato de Seguran\u00e7a ALTRAD Basic++ S3 \u2013 EN345 &#8211; #44"}]},{"@type":"WebSite","@id":"https:\/\/shopirbal.com\/pt\/#website","url":"https:\/\/shopirbal.com\/pt\/","name":"Irbal","description":"Cria\u00e7\u00e3o, desenvolvimento e fabrica\u00e7\u00e3o de maquinaria para a constru\u00e7\u00e3o","publisher":{"@id":"https:\/\/shopirbal.com\/pt\/#organization"},"alternateName":"Shop Irbal","potentialAction":[{"@type":"SearchAction","target":{"@type":"EntryPoint","urlTemplate":"https:\/\/shopirbal.com\/pt\/?s={search_term_string}"},"query-input":{"@type":"PropertyValueSpecification","valueRequired":true,"valueName":"search_term_string"}}],"inLanguage":"pt-PT"},{"@type":"Organization","@id":"https:\/\/shopirbal.com\/pt\/#organization","name":"Irbal, S.A","alternateName":"Shop Irbal","url":"https:\/\/shopirbal.com\/pt\/","logo":{"@type":"ImageObject","inLanguage":"pt-PT","@id":"https:\/\/shopirbal.com\/pt\/#\/schema\/logo\/image\/","url":"https:\/\/shopirbal.com\/pt\/wp-content\/uploads\/2022\/04\/logotipo-para-site-02.png","contentUrl":"https:\/\/shopirbal.com\/pt\/wp-content\/uploads\/2022\/04\/logotipo-para-site-02.png","width":6702,"height":2246,"caption":"Irbal, S.A"},"image":{"@id":"https:\/\/shopirbal.com\/pt\/#\/schema\/logo\/image\/"},"sameAs":["https:\/\/www.facebook.com\/IrbalSA","https:\/\/www.instagram.com\/irbalsa","https:\/\/www.linkedin.com\/company\/irbalsa\/","https:\/\/www.youtube.com\/channel\/UCfu-aZp4yMfDLNK3H8tUTvQ"]}]}},"_links":{"self":[{"href":"https:\/\/shopirbal.com\/pt\/wp-json\/wp\/v2\/product\/2438","targetHints":{"allow":["GET"]}}],"collection":[{"href":"https:\/\/shopirbal.com\/pt\/wp-json\/wp\/v2\/product"}],"about":[{"href":"https:\/\/shopirbal.com\/pt\/wp-json\/wp\/v2\/types\/product"}],"replies":[{"embeddable":true,"href":"https:\/\/shopirbal.com\/pt\/wp-json\/wp\/v2\/comments?post=2438"}],"wp:featuredmedia":[{"embeddable":true,"href":"https:\/\/shopirbal.com\/pt\/wp-json\/wp\/v2\/media\/2429"}],"wp:attachment":[{"href":"https:\/\/shopirbal.com\/pt\/wp-json\/wp\/v2\/media?parent=2438"}],"wp:term":[{"taxonomy":"product_brand","embeddable":true,"href":"https:\/\/shopirbal.com\/pt\/wp-json\/wp\/v2\/product_brand?post=2438"},{"taxonomy":"product_cat","embeddable":true,"href":"https:\/\/shopirbal.com\/pt\/wp-json\/wp\/v2\/product_cat?post=2438"},{"taxonomy":"product_tag","embeddable":true,"href":"https:\/\/shopirbal.com\/pt\/wp-json\/wp\/v2\/product_tag?post=2438"}],"curies":[{"name":"wp","href":"https:\/\/api.w.org\/{rel}","templated":true}]}}