{"id":965,"date":"2022-05-31T16:18:00","date_gmt":"2022-05-31T16:18:00","guid":{"rendered":"http:\/\/shopirbal.com\/pt\/?post_type=product&#038;p=965"},"modified":"2023-01-19T16:55:58","modified_gmt":"2023-01-19T16:55:58","slug":"betoneira-bricolage-bdf-170","status":"publish","type":"product","link":"https:\/\/shopirbal.com\/pt\/produto\/betoneira-bricolage-bdf-170\/","title":{"rendered":"Betoneira Bricolage BDF 170"},"content":{"rendered":"<p>\u2022 Betoneira s\u00f3lida, ideal para trabalhos m\u00e9dios<br \/>\n\u2022 Cremalheira de fundi\u00e7\u00e3o de alta qualidade<br \/>\n\u2022 Pernas telesc\u00f3picas para facilitar o armazenamento e transporte<br \/>\n\u2022 Trav\u00e3o no volante, para maior facilidade de manobra e longevidade da m\u00e1quina<br \/>\n\u2022 Encaixe para garfo empilhador<br \/>\n\u2022 Tampa de motor em pl\u00e1stico de alta densidade e ventilada<br \/>\n\u2022 Roda maci\u00e7a de \u00d8160mm<br \/>\n\u2022 Motor el\u00e9trico monof\u00e1sico 220 V \/ 50Hz<br \/>\nNOTA: Tamb\u00e9m aplic\u00e1vel no modelo BDF 160<br \/>\n<strong>6 Anos de Garantia<\/strong><\/p>\n<p>REF: PA01.161.13E.0111<br \/>\nMarca: IRBAL<\/p>\n","protected":false},"excerpt":{"rendered":"<p>BET BDF-170 &#8211; 700W TRAV\u00c3O VOLANTE, CREMALHEIRA FERRO FUNDIDO &#8211; D<\/p>\n","protected":false},"featured_media":2587,"comment_status":"open","ping_status":"closed","template":"","meta":[],"product_brand":[],"product_cat":[33],"product_tag":[],"class_list":{"0":"post-965","1":"product","2":"type-product","3":"status-publish","4":"has-post-thumbnail","6":"product_cat-betoneiras-bricolage","7":"product_shipping_class-standard-90kg","9":"first","10":"instock","11":"taxable","12":"shipping-taxable","13":"purchasable","14":"product-type-simple"},"yoast_head":"<!-- This site is optimized with the Yoast SEO plugin v24.4 - https:\/\/yoast.com\/wordpress\/plugins\/seo\/ -->\n<title>Betoneira Bricolage BDF 170 - Irbal<\/title>\n<meta name=\"robots\" content=\"index, follow, max-snippet:-1, max-image-preview:large, max-video-preview:-1\" \/>\n<link rel=\"canonical\" href=\"https:\/\/shopirbal.com\/pt\/produto\/betoneira-bricolage-bdf-170\/\" \/>\n<meta property=\"og:locale\" content=\"pt_PT\" \/>\n<meta property=\"og:type\" content=\"article\" \/>\n<meta property=\"og:title\" content=\"Betoneira Bricolage BDF 170 - Irbal\" \/>\n<meta property=\"og:description\" content=\"BET BDF-170 - 700W TRAV\u00c3O VOLANTE, CREMALHEIRA FERRO FUNDIDO - D\" \/>\n<meta property=\"og:url\" content=\"https:\/\/shopirbal.com\/pt\/produto\/betoneira-bricolage-bdf-170\/\" \/>\n<meta property=\"og:site_name\" content=\"Irbal\" \/>\n<meta property=\"article:publisher\" content=\"https:\/\/www.facebook.com\/IrbalSA\" \/>\n<meta property=\"article:modified_time\" content=\"2023-01-19T16:55:58+00:00\" \/>\n<meta property=\"og:image\" content=\"http:\/\/shopirbal.com\/pt\/wp-content\/uploads\/2022\/06\/BDF-190.png\" \/>\n\t<meta property=\"og:image:width\" content=\"1010\" \/>\n\t<meta property=\"og:image:height\" content=\"1240\" \/>\n\t<meta property=\"og:image:type\" content=\"image\/png\" \/>\n<meta name=\"twitter:card\" content=\"summary_large_image\" \/>\n<meta name=\"twitter:label1\" content=\"Tempo estimado de leitura\" \/>\n\t<meta name=\"twitter:data1\" content=\"1 minuto\" \/>\n<script type=\"application\/ld+json\" class=\"yoast-schema-graph\">{\"@context\":\"https:\/\/schema.org\",\"@graph\":[{\"@type\":\"WebPage\",\"@id\":\"https:\/\/shopirbal.com\/pt\/produto\/betoneira-bricolage-bdf-170\/\",\"url\":\"https:\/\/shopirbal.com\/pt\/produto\/betoneira-bricolage-bdf-170\/\",\"name\":\"Betoneira Bricolage BDF 170 - Irbal\",\"isPartOf\":{\"@id\":\"https:\/\/shopirbal.com\/pt\/#website\"},\"primaryImageOfPage\":{\"@id\":\"https:\/\/shopirbal.com\/pt\/produto\/betoneira-bricolage-bdf-170\/#primaryimage\"},\"image\":{\"@id\":\"https:\/\/shopirbal.com\/pt\/produto\/betoneira-bricolage-bdf-170\/#primaryimage\"},\"thumbnailUrl\":\"https:\/\/shopirbal.com\/pt\/wp-content\/uploads\/2022\/06\/BDF-190.png\",\"datePublished\":\"2022-05-31T16:18:00+00:00\",\"dateModified\":\"2023-01-19T16:55:58+00:00\",\"breadcrumb\":{\"@id\":\"https:\/\/shopirbal.com\/pt\/produto\/betoneira-bricolage-bdf-170\/#breadcrumb\"},\"inLanguage\":\"pt-PT\",\"potentialAction\":[{\"@type\":\"ReadAction\",\"target\":[\"https:\/\/shopirbal.com\/pt\/produto\/betoneira-bricolage-bdf-170\/\"]}]},{\"@type\":\"ImageObject\",\"inLanguage\":\"pt-PT\",\"@id\":\"https:\/\/shopirbal.com\/pt\/produto\/betoneira-bricolage-bdf-170\/#primaryimage\",\"url\":\"https:\/\/shopirbal.com\/pt\/wp-content\/uploads\/2022\/06\/BDF-190.png\",\"contentUrl\":\"https:\/\/shopirbal.com\/pt\/wp-content\/uploads\/2022\/06\/BDF-190.png\",\"width\":1010,\"height\":1240},{\"@type\":\"BreadcrumbList\",\"@id\":\"https:\/\/shopirbal.com\/pt\/produto\/betoneira-bricolage-bdf-170\/#breadcrumb\",\"itemListElement\":[{\"@type\":\"ListItem\",\"position\":1,\"name\":\"In\u00edcio\",\"item\":\"https:\/\/shopirbal.com\/pt\/\"},{\"@type\":\"ListItem\",\"position\":2,\"name\":\"Shop\",\"item\":\"https:\/\/shopirbal.com\/pt\/shop\/\"},{\"@type\":\"ListItem\",\"position\":3,\"name\":\"Betoneira Bricolage BDF 170\"}]},{\"@type\":\"WebSite\",\"@id\":\"https:\/\/shopirbal.com\/pt\/#website\",\"url\":\"https:\/\/shopirbal.com\/pt\/\",\"name\":\"Irbal\",\"description\":\"Cria\u00e7\u00e3o, desenvolvimento e fabrica\u00e7\u00e3o de maquinaria para a constru\u00e7\u00e3o\",\"publisher\":{\"@id\":\"https:\/\/shopirbal.com\/pt\/#organization\"},\"alternateName\":\"Shop Irbal\",\"potentialAction\":[{\"@type\":\"SearchAction\",\"target\":{\"@type\":\"EntryPoint\",\"urlTemplate\":\"https:\/\/shopirbal.com\/pt\/?s={search_term_string}\"},\"query-input\":{\"@type\":\"PropertyValueSpecification\",\"valueRequired\":true,\"valueName\":\"search_term_string\"}}],\"inLanguage\":\"pt-PT\"},{\"@type\":\"Organization\",\"@id\":\"https:\/\/shopirbal.com\/pt\/#organization\",\"name\":\"Irbal, S.A\",\"alternateName\":\"Shop Irbal\",\"url\":\"https:\/\/shopirbal.com\/pt\/\",\"logo\":{\"@type\":\"ImageObject\",\"inLanguage\":\"pt-PT\",\"@id\":\"https:\/\/shopirbal.com\/pt\/#\/schema\/logo\/image\/\",\"url\":\"https:\/\/shopirbal.com\/pt\/wp-content\/uploads\/2022\/04\/logotipo-para-site-02.png\",\"contentUrl\":\"https:\/\/shopirbal.com\/pt\/wp-content\/uploads\/2022\/04\/logotipo-para-site-02.png\",\"width\":6702,\"height\":2246,\"caption\":\"Irbal, S.A\"},\"image\":{\"@id\":\"https:\/\/shopirbal.com\/pt\/#\/schema\/logo\/image\/\"},\"sameAs\":[\"https:\/\/www.facebook.com\/IrbalSA\",\"https:\/\/www.instagram.com\/irbalsa\",\"https:\/\/www.linkedin.com\/company\/irbalsa\/\",\"https:\/\/www.youtube.com\/channel\/UCfu-aZp4yMfDLNK3H8tUTvQ\"]}]}<\/script>\n<!-- \/ Yoast SEO plugin. -->","yoast_head_json":{"title":"Betoneira Bricolage BDF 170 - Irbal","robots":{"index":"index","follow":"follow","max-snippet":"max-snippet:-1","max-image-preview":"max-image-preview:large","max-video-preview":"max-video-preview:-1"},"canonical":"https:\/\/shopirbal.com\/pt\/produto\/betoneira-bricolage-bdf-170\/","og_locale":"pt_PT","og_type":"article","og_title":"Betoneira Bricolage BDF 170 - Irbal","og_description":"BET BDF-170 - 700W TRAV\u00c3O VOLANTE, CREMALHEIRA FERRO FUNDIDO - D","og_url":"https:\/\/shopirbal.com\/pt\/produto\/betoneira-bricolage-bdf-170\/","og_site_name":"Irbal","article_publisher":"https:\/\/www.facebook.com\/IrbalSA","article_modified_time":"2023-01-19T16:55:58+00:00","og_image":[{"width":1010,"height":1240,"url":"http:\/\/shopirbal.com\/pt\/wp-content\/uploads\/2022\/06\/BDF-190.png","type":"image\/png"}],"twitter_card":"summary_large_image","twitter_misc":{"Tempo estimado de leitura":"1 minuto"},"schema":{"@context":"https:\/\/schema.org","@graph":[{"@type":"WebPage","@id":"https:\/\/shopirbal.com\/pt\/produto\/betoneira-bricolage-bdf-170\/","url":"https:\/\/shopirbal.com\/pt\/produto\/betoneira-bricolage-bdf-170\/","name":"Betoneira Bricolage BDF 170 - Irbal","isPartOf":{"@id":"https:\/\/shopirbal.com\/pt\/#website"},"primaryImageOfPage":{"@id":"https:\/\/shopirbal.com\/pt\/produto\/betoneira-bricolage-bdf-170\/#primaryimage"},"image":{"@id":"https:\/\/shopirbal.com\/pt\/produto\/betoneira-bricolage-bdf-170\/#primaryimage"},"thumbnailUrl":"https:\/\/shopirbal.com\/pt\/wp-content\/uploads\/2022\/06\/BDF-190.png","datePublished":"2022-05-31T16:18:00+00:00","dateModified":"2023-01-19T16:55:58+00:00","breadcrumb":{"@id":"https:\/\/shopirbal.com\/pt\/produto\/betoneira-bricolage-bdf-170\/#breadcrumb"},"inLanguage":"pt-PT","potentialAction":[{"@type":"ReadAction","target":["https:\/\/shopirbal.com\/pt\/produto\/betoneira-bricolage-bdf-170\/"]}]},{"@type":"ImageObject","inLanguage":"pt-PT","@id":"https:\/\/shopirbal.com\/pt\/produto\/betoneira-bricolage-bdf-170\/#primaryimage","url":"https:\/\/shopirbal.com\/pt\/wp-content\/uploads\/2022\/06\/BDF-190.png","contentUrl":"https:\/\/shopirbal.com\/pt\/wp-content\/uploads\/2022\/06\/BDF-190.png","width":1010,"height":1240},{"@type":"BreadcrumbList","@id":"https:\/\/shopirbal.com\/pt\/produto\/betoneira-bricolage-bdf-170\/#breadcrumb","itemListElement":[{"@type":"ListItem","position":1,"name":"In\u00edcio","item":"https:\/\/shopirbal.com\/pt\/"},{"@type":"ListItem","position":2,"name":"Shop","item":"https:\/\/shopirbal.com\/pt\/shop\/"},{"@type":"ListItem","position":3,"name":"Betoneira Bricolage BDF 170"}]},{"@type":"WebSite","@id":"https:\/\/shopirbal.com\/pt\/#website","url":"https:\/\/shopirbal.com\/pt\/","name":"Irbal","description":"Cria\u00e7\u00e3o, desenvolvimento e fabrica\u00e7\u00e3o de maquinaria para a constru\u00e7\u00e3o","publisher":{"@id":"https:\/\/shopirbal.com\/pt\/#organization"},"alternateName":"Shop Irbal","potentialAction":[{"@type":"SearchAction","target":{"@type":"EntryPoint","urlTemplate":"https:\/\/shopirbal.com\/pt\/?s={search_term_string}"},"query-input":{"@type":"PropertyValueSpecification","valueRequired":true,"valueName":"search_term_string"}}],"inLanguage":"pt-PT"},{"@type":"Organization","@id":"https:\/\/shopirbal.com\/pt\/#organization","name":"Irbal, S.A","alternateName":"Shop Irbal","url":"https:\/\/shopirbal.com\/pt\/","logo":{"@type":"ImageObject","inLanguage":"pt-PT","@id":"https:\/\/shopirbal.com\/pt\/#\/schema\/logo\/image\/","url":"https:\/\/shopirbal.com\/pt\/wp-content\/uploads\/2022\/04\/logotipo-para-site-02.png","contentUrl":"https:\/\/shopirbal.com\/pt\/wp-content\/uploads\/2022\/04\/logotipo-para-site-02.png","width":6702,"height":2246,"caption":"Irbal, S.A"},"image":{"@id":"https:\/\/shopirbal.com\/pt\/#\/schema\/logo\/image\/"},"sameAs":["https:\/\/www.facebook.com\/IrbalSA","https:\/\/www.instagram.com\/irbalsa","https:\/\/www.linkedin.com\/company\/irbalsa\/","https:\/\/www.youtube.com\/channel\/UCfu-aZp4yMfDLNK3H8tUTvQ"]}]}},"_links":{"self":[{"href":"https:\/\/shopirbal.com\/pt\/wp-json\/wp\/v2\/product\/965","targetHints":{"allow":["GET"]}}],"collection":[{"href":"https:\/\/shopirbal.com\/pt\/wp-json\/wp\/v2\/product"}],"about":[{"href":"https:\/\/shopirbal.com\/pt\/wp-json\/wp\/v2\/types\/product"}],"replies":[{"embeddable":true,"href":"https:\/\/shopirbal.com\/pt\/wp-json\/wp\/v2\/comments?post=965"}],"wp:featuredmedia":[{"embeddable":true,"href":"https:\/\/shopirbal.com\/pt\/wp-json\/wp\/v2\/media\/2587"}],"wp:attachment":[{"href":"https:\/\/shopirbal.com\/pt\/wp-json\/wp\/v2\/media?parent=965"}],"wp:term":[{"taxonomy":"product_brand","embeddable":true,"href":"https:\/\/shopirbal.com\/pt\/wp-json\/wp\/v2\/product_brand?post=965"},{"taxonomy":"product_cat","embeddable":true,"href":"https:\/\/shopirbal.com\/pt\/wp-json\/wp\/v2\/product_cat?post=965"},{"taxonomy":"product_tag","embeddable":true,"href":"https:\/\/shopirbal.com\/pt\/wp-json\/wp\/v2\/product_tag?post=965"}],"curies":[{"name":"wp","href":"https:\/\/api.w.org\/{rel}","templated":true}]}}